{"id":14684,"date":"2023-02-21T09:23:46","date_gmt":"2023-02-21T08:23:46","guid":{"rendered":"https:\/\/arend-fischbach.lu\/?page_id=14684"},"modified":"2023-02-28T17:20:31","modified_gmt":"2023-02-28T16:20:31","slug":"politique-de-gestion-des-cookies","status":"publish","type":"page","link":"https:\/\/arend-fischbach.lu\/de\/politique-de-gestion-des-cookies\/","title":{"rendered":"Cookie-Richtlinie"},"content":{"rendered":"Unsere Website verwendet Cookies.<\/p>\n<h2>Definition von Cookies<\/h2>\n<p>Cookies sind kleine Textdateien von begrenzter Gr\u00f6\u00dfe, die auf Ihr Ger\u00e4t heruntergeladen werden und es Ihnen erm\u00f6glichen, die von der Website angebotenen Dienste zu personalisieren und Ihr Surferlebnis zu verbessern.<\/p>\n<p>Es gibt zwei Arten von Cookies:<\/p>\n<ul>\n<li><strong>Sitzungs-Cookies:<\/strong> Dies sind tempor\u00e4re Dateien, die gel\u00f6scht werden, wenn Sie Ihren Browser schlie\u00dfen. Wenn Sie Ihren Browser neu starten und auf die Website zur\u00fcckkehren, auf der ein Sitzungscookie abgelegt wurde, werden Sie von der Website nicht mehr erkannt.<\/li>\n<li><strong>Dauerhafte Cookies:<\/strong> Diese Dateien werden in Ihrem Browser gespeichert, bis Sie sie manuell l\u00f6schen oder Ihr Browser sie nach Ablauf des in der Datei des dauerhaften Cookies angegebenen Zeitraums l\u00f6scht.<\/li>\n<\/ul>\n<h2>Verwaltung von Cookies<\/h2>\n<p>Einige Cookies werden nur dann abgelegt, wenn Sie sie akzeptieren. Sie k\u00f6nnen die Cookies jederzeit \u00fcber das Cookie-Banner einstellen, indem Sie Ihre Pr\u00e4ferenzen je nach Cookie-Kategorie angeben.<\/p>\n<p>Sie k\u00f6nnen Ihren Browser auch so einstellen, dass Sie \u00fcber das Anlegen von Cookies informiert werden, Cookies nur im Einzelfall zulassen, die Annahme von Cookies f\u00fcr bestimmte F\u00e4lle oder generell ausschlie\u00dfen und das automatische L\u00f6schen von Cookies aktivieren, wenn Sie Ihren Browser schlie\u00dfen. Die Deaktivierung von Cookies kann die Funktionalit\u00e4t dieser Website einschr\u00e4nken.<\/p>\n<h2>Auf der Website verwendete Cookies:<\/h2>\n<h3>Cookies f\u00fcr den Betrieb<\/h3>\n<p><strong>Anbieter: YouTube<\/strong><br \/>\nName: GDPR_OK_youtube_com<br \/>\nZweck: M\u00f6glichkeit, unsere eingebetteten Videos anzusehen.<br \/>\nDauer der Speicherung: 2 Monate<\/p>\n<p><strong>Anbieter: Geoportail.lu<\/strong><br \/>\nName: GDPR_OK_geoportail_lu<br \/>\nZweck: Karten anzeigen<br \/>\nDauer der Speicherung: 2 Monate<\/p>\n<p><strong>Lieferant: arend-fischbach.lu<\/strong><br \/>\nName: GDPR_COOKIES_OK<br \/>\nZweck: Login- und Spracheinstellungen<br \/>\nDauer der Speicherung: 2 Monate<\/p>\n<h3>Cookies f\u00fcr die Messung des Publikums<\/h3>\n<p>Anbieter: Matomo (selbstgehostet) \/ ePrivacy Holding GmbH<\/p>\n<p>Name: GDPR_OK_stats_lightbulb.lu<br \/>\nZweck: Web-Statistiken<br \/>\nDauer der Speicherung: 2 Monate<\/p>\n<p>Name: _pk_ses.11.${number}<br \/>\nZweck: Web-Statistiken<br \/>\nDauer der Speicherung: 1 Tag<\/p>\n<p>Name: _pk_id.11.${number}<br \/>\nZweck: Web-Statistiken<br \/>\nSpeicherdauer: 1 Jahr","protected":false},"excerpt":{"rendered":"<p>Unsere Website verwendet Cookies. Definition von Cookies Cookies sind kleine Textdateien von begrenzter Gr\u00f6\u00dfe, die auf Ihr Ger\u00e4t heruntergeladen werden und es Ihnen erm\u00f6glichen, die von der Website angebotenen Dienste zu personalisieren und Ihr Surferlebnis zu verbessern. Es gibt zwei Arten von Cookies: Sitzungs-Cookies: Dies sind tempor\u00e4re Dateien, die gel\u00f6scht werden, wenn Sie Ihren Browser&#8230;  <a class=\"excerpt-read-more\" href=\"https:\/\/arend-fischbach.lu\/de\/politique-de-gestion-des-cookies\/\" title=\"ReadCookie-Richtlinie\">Read more &raquo;<\/a><\/p>\n","protected":false},"author":2,"featured_media":0,"parent":0,"menu_order":0,"comment_status":"closed","ping_status":"closed","template":"","meta":[],"yoast_head":"<!-- This site is optimized with the Yoast SEO plugin v19.11 - https:\/\/yoast.com\/wordpress\/plugins\/seo\/ -->\n<title>Cookie-Richtlinie &ndash; Arend &amp; Fischbach<\/title>\n<meta name=\"robots\" content=\"index, follow, max-snippet:-1, max-image-preview:large, max-video-preview:-1\" \/>\n<link rel=\"canonical\" href=\"https:\/\/arend-fischbach.lu\/politique-de-gestion-des-cookies\/\" \/>\n<meta property=\"og:locale\" content=\"de_DE\" \/>\n<meta property=\"og:type\" content=\"article\" \/>\n<meta property=\"og:title\" content=\"Cookie-Richtlinie &ndash; Arend &amp; Fischbach\" \/>\n<meta property=\"og:description\" content=\"Unsere Website verwendet Cookies. Definition von Cookies Cookies sind kleine Textdateien von begrenzter Gr\u00f6\u00dfe, die auf Ihr Ger\u00e4t heruntergeladen werden und es Ihnen erm\u00f6glichen, die von der Website angebotenen Dienste zu personalisieren und Ihr Surferlebnis zu verbessern. Es gibt zwei Arten von Cookies: Sitzungs-Cookies: Dies sind tempor\u00e4re Dateien, die gel\u00f6scht werden, wenn Sie Ihren Browser... Read more &raquo;\" \/>\n<meta property=\"og:site_name\" content=\"Arend &amp; Fischbach\" \/>\n<meta property=\"article:publisher\" content=\"https:\/\/www.facebook.com\/arendfischbach\" \/>\n<meta property=\"article:modified_time\" content=\"2023-02-28T16:20:31+00:00\" \/>\n<meta property=\"og:image\" content=\"https:\/\/arend-fischbach.lu\/wp-content\/uploads\/2016\/07\/AF_logo_vertical_RVB_F.jpg\" \/>\n\t<meta property=\"og:image:width\" content=\"517\" \/>\n\t<meta property=\"og:image:height\" content=\"627\" \/>\n\t<meta property=\"og:image:type\" content=\"image\/jpeg\" \/>\n<meta name=\"twitter:card\" content=\"summary_large_image\" \/>\n<meta name=\"twitter:label1\" content=\"Gesch\u00e4tzte Lesezeit\" \/>\n\t<meta name=\"twitter:data1\" content=\"2\u00a0Minuten\" \/>\n<script type=\"application\/ld+json\" class=\"yoast-schema-graph\">{\"@context\":\"https:\/\/schema.org\",\"@graph\":[{\"@type\":\"WebPage\",\"@id\":\"https:\/\/arend-fischbach.lu\/politique-de-gestion-des-cookies\/\",\"url\":\"https:\/\/arend-fischbach.lu\/politique-de-gestion-des-cookies\/\",\"name\":\"Cookie-Richtlinie &ndash; Arend &amp; Fischbach\",\"isPartOf\":{\"@id\":\"https:\/\/arend-fischbach.lu\/fr\/#website\"},\"datePublished\":\"2023-02-21T08:23:46+00:00\",\"dateModified\":\"2023-02-28T16:20:31+00:00\",\"breadcrumb\":{\"@id\":\"https:\/\/arend-fischbach.lu\/politique-de-gestion-des-cookies\/#breadcrumb\"},\"inLanguage\":\"de\",\"potentialAction\":[{\"@type\":\"ReadAction\",\"target\":[\"https:\/\/arend-fischbach.lu\/politique-de-gestion-des-cookies\/\"]}]},{\"@type\":\"BreadcrumbList\",\"@id\":\"https:\/\/arend-fischbach.lu\/politique-de-gestion-des-cookies\/#breadcrumb\",\"itemListElement\":[{\"@type\":\"ListItem\",\"position\":1,\"name\":\"Accueil\",\"item\":\"https:\/\/arend-fischbach.lu\/\"},{\"@type\":\"ListItem\",\"position\":2,\"name\":\"Politique de gestion des cookies\"}]},{\"@type\":\"WebSite\",\"@id\":\"https:\/\/arend-fischbach.lu\/fr\/#website\",\"url\":\"https:\/\/arend-fischbach.lu\/fr\/\",\"name\":\"Arend &amp; Fischbach\",\"description\":\"Promotion immobili\u00e8re\",\"publisher\":{\"@id\":\"https:\/\/arend-fischbach.lu\/fr\/#organization\"},\"potentialAction\":[{\"@type\":\"SearchAction\",\"target\":{\"@type\":\"EntryPoint\",\"urlTemplate\":\"https:\/\/arend-fischbach.lu\/fr\/?s={search_term_string}\"},\"query-input\":\"required name=search_term_string\"}],\"inLanguage\":\"de\"},{\"@type\":\"Organization\",\"@id\":\"https:\/\/arend-fischbach.lu\/fr\/#organization\",\"name\":\"Arend & Fischbach\",\"url\":\"https:\/\/arend-fischbach.lu\/fr\/\",\"logo\":{\"@type\":\"ImageObject\",\"inLanguage\":\"de\",\"@id\":\"https:\/\/arend-fischbach.lu\/fr\/#\/schema\/logo\/image\/\",\"url\":\"https:\/\/arend-fischbach.lu\/wp-content\/uploads\/2016\/07\/AF_logo_vertical_RVB_F.jpg\",\"contentUrl\":\"https:\/\/arend-fischbach.lu\/wp-content\/uploads\/2016\/07\/AF_logo_vertical_RVB_F.jpg\",\"width\":517,\"height\":627,\"caption\":\"Arend & Fischbach\"},\"image\":{\"@id\":\"https:\/\/arend-fischbach.lu\/fr\/#\/schema\/logo\/image\/\"},\"sameAs\":[\"https:\/\/www.instagram.com\/arendfischbach\/\",\"https:\/\/www.facebook.com\/arendfischbach\"]}]}<\/script>\n<!-- \/ Yoast SEO plugin. -->","yoast_head_json":{"title":"Cookie-Richtlinie &ndash; Arend &amp; Fischbach","robots":{"index":"index","follow":"follow","max-snippet":"max-snippet:-1","max-image-preview":"max-image-preview:large","max-video-preview":"max-video-preview:-1"},"canonical":"https:\/\/arend-fischbach.lu\/politique-de-gestion-des-cookies\/","og_locale":"de_DE","og_type":"article","og_title":"Cookie-Richtlinie &ndash; Arend &amp; Fischbach","og_description":"Unsere Website verwendet Cookies. Definition von Cookies Cookies sind kleine Textdateien von begrenzter Gr\u00f6\u00dfe, die auf Ihr Ger\u00e4t heruntergeladen werden und es Ihnen erm\u00f6glichen, die von der Website angebotenen Dienste zu personalisieren und Ihr Surferlebnis zu verbessern. Es gibt zwei Arten von Cookies: Sitzungs-Cookies: Dies sind tempor\u00e4re Dateien, die gel\u00f6scht werden, wenn Sie Ihren Browser... Read more &raquo;","og_site_name":"Arend &amp; Fischbach","article_publisher":"https:\/\/www.facebook.com\/arendfischbach","article_modified_time":"2023-02-28T16:20:31+00:00","og_image":[{"width":517,"height":627,"url":"https:\/\/arend-fischbach.lu\/wp-content\/uploads\/2016\/07\/AF_logo_vertical_RVB_F.jpg","type":"image\/jpeg"}],"twitter_card":"summary_large_image","twitter_misc":{"Gesch\u00e4tzte Lesezeit":"2\u00a0Minuten"},"schema":{"@context":"https:\/\/schema.org","@graph":[{"@type":"WebPage","@id":"https:\/\/arend-fischbach.lu\/politique-de-gestion-des-cookies\/","url":"https:\/\/arend-fischbach.lu\/politique-de-gestion-des-cookies\/","name":"Cookie-Richtlinie &ndash; Arend &amp; Fischbach","isPartOf":{"@id":"https:\/\/arend-fischbach.lu\/fr\/#website"},"datePublished":"2023-02-21T08:23:46+00:00","dateModified":"2023-02-28T16:20:31+00:00","breadcrumb":{"@id":"https:\/\/arend-fischbach.lu\/politique-de-gestion-des-cookies\/#breadcrumb"},"inLanguage":"de","potentialAction":[{"@type":"ReadAction","target":["https:\/\/arend-fischbach.lu\/politique-de-gestion-des-cookies\/"]}]},{"@type":"BreadcrumbList","@id":"https:\/\/arend-fischbach.lu\/politique-de-gestion-des-cookies\/#breadcrumb","itemListElement":[{"@type":"ListItem","position":1,"name":"Accueil","item":"https:\/\/arend-fischbach.lu\/"},{"@type":"ListItem","position":2,"name":"Politique de gestion des cookies"}]},{"@type":"WebSite","@id":"https:\/\/arend-fischbach.lu\/fr\/#website","url":"https:\/\/arend-fischbach.lu\/fr\/","name":"Arend &amp; Fischbach","description":"Promotion immobili\u00e8re","publisher":{"@id":"https:\/\/arend-fischbach.lu\/fr\/#organization"},"potentialAction":[{"@type":"SearchAction","target":{"@type":"EntryPoint","urlTemplate":"https:\/\/arend-fischbach.lu\/fr\/?s={search_term_string}"},"query-input":"required name=search_term_string"}],"inLanguage":"de"},{"@type":"Organization","@id":"https:\/\/arend-fischbach.lu\/fr\/#organization","name":"Arend & Fischbach","url":"https:\/\/arend-fischbach.lu\/fr\/","logo":{"@type":"ImageObject","inLanguage":"de","@id":"https:\/\/arend-fischbach.lu\/fr\/#\/schema\/logo\/image\/","url":"https:\/\/arend-fischbach.lu\/wp-content\/uploads\/2016\/07\/AF_logo_vertical_RVB_F.jpg","contentUrl":"https:\/\/arend-fischbach.lu\/wp-content\/uploads\/2016\/07\/AF_logo_vertical_RVB_F.jpg","width":517,"height":627,"caption":"Arend & Fischbach"},"image":{"@id":"https:\/\/arend-fischbach.lu\/fr\/#\/schema\/logo\/image\/"},"sameAs":["https:\/\/www.instagram.com\/arendfischbach\/","https:\/\/www.facebook.com\/arendfischbach"]}]}},"_links":{"self":[{"href":"https:\/\/arend-fischbach.lu\/de\/wp-json\/wp\/v2\/pages\/14684"}],"collection":[{"href":"https:\/\/arend-fischbach.lu\/de\/wp-json\/wp\/v2\/pages"}],"about":[{"href":"https:\/\/arend-fischbach.lu\/de\/wp-json\/wp\/v2\/types\/page"}],"author":[{"embeddable":true,"href":"https:\/\/arend-fischbach.lu\/de\/wp-json\/wp\/v2\/users\/2"}],"replies":[{"embeddable":true,"href":"https:\/\/arend-fischbach.lu\/de\/wp-json\/wp\/v2\/comments?post=14684"}],"version-history":[{"count":4,"href":"https:\/\/arend-fischbach.lu\/de\/wp-json\/wp\/v2\/pages\/14684\/revisions"}],"predecessor-version":[{"id":14694,"href":"https:\/\/arend-fischbach.lu\/de\/wp-json\/wp\/v2\/pages\/14684\/revisions\/14694"}],"wp:attachment":[{"href":"https:\/\/arend-fischbach.lu\/de\/wp-json\/wp\/v2\/media?parent=14684"}],"curies":[{"name":"wp","href":"https:\/\/api.w.org\/{rel}","templated":true}]}}