{"id":38,"date":"2015-09-22T06:36:56","date_gmt":"2015-09-22T06:36:56","guid":{"rendered":"https:\/\/arend-fischbach.lu\/?page_id=38"},"modified":"2025-10-24T09:31:50","modified_gmt":"2025-10-24T08:31:50","slug":"qui-sommes-nous","status":"publish","type":"page","link":"https:\/\/arend-fischbach.lu\/de\/sur-nous\/qui-sommes-nous\/","title":{"rendered":"Wer sind wir?"},"content":{"rendered":"<h2>Arend &amp; Fischbach kann sich auf \u00fcber 35 Jahre Erfahrung berufen<\/h2>\n<p>Seit mehr als drei Jahrzehnten entwickelt die \u201eAssociation N. Arend &amp; C. Fischbach\u201c in ganz Luxemburg alle Arten von Immobilienprojekten an geografisch privilegierten Lagen. Heute besch\u00e4ftigt die Gruppe Arend &amp; Fischbach rund 100 Angestellte die ihrer Hauptt\u00e4tigkeit, der Immobilienentwicklung, zugeordnet sind. Seit seiner Gr\u00fcndung ist das Unternehmen seinem Standort nahe dem Bahnhof in Mersch treu geblieben.<\/p>\n<p>Die Geschichte der Assoziation geht auf das Jahr 1989 zur\u00fcck, als die Gr\u00fcndungsgesellschafter Nico Arend und Carlo Fischbach beschlossen, gemeinsam ein Immobilienentwicklungsgesch\u00e4ft zu gr\u00fcnden. Das Zusammentreffen der beiden Gr\u00fcnder, sowie die Zusammenlegung ihrer Profile und Talente ist der Ursprung eines Unternehmens, das sich rasant entwickelt hat indem es die Evolution des Marktes und die Bed\u00fcrfnisse der Konsumenten aufmerksam beobachtet. Seit dem Tod von Carlo Fischbach im Jahr 2017 gew\u00e4hrleistet sein Sohn Laurent seine Nachfolge.<\/p>\n<p>Im Oktober 2025 ernannte der Verwaltungsrat der Arend &amp; Fischbach-Gruppe Frau Nathalie Braam, bis dahin Verwaltungs- und Finanzdirektorin, zur Generaldirektorin. Nach mehr als drei\u00dfig Jahren an der Spitze der Arend &amp; Fischbach-Gruppe zieht sich Nico Arend aus der operativen Leitung zur\u00fcck, bleibt aber weiterhin als Verwaltungsratsmitglied und strategischer Berater im Verwaltungsrat t\u00e4tig. Dieser \u00dcbergang steht im Einklang mit unserem Engagement, die Arend &amp; Fischbach-Gruppe zu einem soliden, verantwortungsbewussten und nachhaltigen Akteur im luxemburgischen Immobiliensektor zu machen.","protected":false},"excerpt":{"rendered":"<p>Arend &amp; Fischbach kann sich auf \u00fcber 35 Jahre Erfahrung berufen Seit mehr als drei Jahrzehnten entwickelt die \u201eAssociation N. Arend &amp; C. Fischbach\u201c in ganz Luxemburg alle Arten von Immobilienprojekten an geografisch privilegierten Lagen. Heute besch\u00e4ftigt die Gruppe Arend &amp; Fischbach rund 100 Angestellte die ihrer Hauptt\u00e4tigkeit, der Immobilienentwicklung, zugeordnet sind. Seit seiner Gr\u00fcndung&#8230;  <a class=\"excerpt-read-more\" href=\"https:\/\/arend-fischbach.lu\/de\/sur-nous\/qui-sommes-nous\/\" title=\"ReadWer sind wir?\">Read more &raquo;<\/a><\/p>\n","protected":false},"author":1,"featured_media":8049,"parent":36,"menu_order":3,"comment_status":"closed","ping_status":"closed","template":"page-who-are-we.php","meta":[],"yoast_head":"<!-- This site is optimized with the Yoast SEO plugin v19.11 - https:\/\/yoast.com\/wordpress\/plugins\/seo\/ -->\n<title>Promotion immobili\u00e8re - Arend &amp; Fischbach - Luxembourg<\/title>\n<meta name=\"description\" content=\"Arend &amp; Fischbach est l\u2019un des acteurs les plus importants sur le march\u00e9 de la promotion immobili\u00e8re r\u00e9sidentielle au Luxembourg.\" \/>\n<meta name=\"robots\" content=\"index, follow, max-snippet:-1, max-image-preview:large, max-video-preview:-1\" \/>\n<link rel=\"canonical\" href=\"https:\/\/arend-fischbach.lu\/sur-nous\/qui-sommes-nous\/\" \/>\n<meta property=\"og:locale\" content=\"de_DE\" \/>\n<meta property=\"og:type\" content=\"article\" \/>\n<meta property=\"og:title\" content=\"Promotion immobili\u00e8re - Arend &amp; Fischbach - Luxembourg\" \/>\n<meta property=\"og:description\" content=\"Arend &amp; Fischbach est l\u2019un des acteurs les plus importants sur le march\u00e9 de la promotion immobili\u00e8re r\u00e9sidentielle au Luxembourg.\" \/>\n<meta property=\"og:site_name\" content=\"Arend &amp; Fischbach\" \/>\n<meta property=\"article:publisher\" content=\"https:\/\/www.facebook.com\/arendfischbach\" \/>\n<meta property=\"article:modified_time\" content=\"2025-10-24T08:31:50+00:00\" \/>\n<meta property=\"og:image\" content=\"https:\/\/arend-fischbach.lu\/wp-content\/uploads\/2019\/10\/Artiste-Eric-Mangen-1024x693.jpg\" \/>\n\t<meta property=\"og:image:width\" content=\"1024\" \/>\n\t<meta property=\"og:image:height\" content=\"693\" \/>\n\t<meta property=\"og:image:type\" content=\"image\/jpeg\" \/>\n<meta name=\"twitter:card\" content=\"summary_large_image\" \/>\n<meta name=\"twitter:label1\" content=\"Gesch\u00e4tzte Lesezeit\" \/>\n\t<meta name=\"twitter:data1\" content=\"2\u00a0Minuten\" \/>\n<script type=\"application\/ld+json\" class=\"yoast-schema-graph\">{\"@context\":\"https:\/\/schema.org\",\"@graph\":[{\"@type\":\"WebPage\",\"@id\":\"https:\/\/arend-fischbach.lu\/sur-nous\/qui-sommes-nous\/\",\"url\":\"https:\/\/arend-fischbach.lu\/sur-nous\/qui-sommes-nous\/\",\"name\":\"Promotion immobili\u00e8re - Arend & Fischbach - Luxembourg\",\"isPartOf\":{\"@id\":\"https:\/\/arend-fischbach.lu\/fr\/#website\"},\"datePublished\":\"2015-09-22T06:36:56+00:00\",\"dateModified\":\"2025-10-24T08:31:50+00:00\",\"description\":\"Arend & Fischbach est l\u2019un des acteurs les plus importants sur le march\u00e9 de la promotion immobili\u00e8re r\u00e9sidentielle au Luxembourg.\",\"breadcrumb\":{\"@id\":\"https:\/\/arend-fischbach.lu\/sur-nous\/qui-sommes-nous\/#breadcrumb\"},\"inLanguage\":\"de\",\"potentialAction\":[{\"@type\":\"ReadAction\",\"target\":[\"https:\/\/arend-fischbach.lu\/sur-nous\/qui-sommes-nous\/\"]}]},{\"@type\":\"BreadcrumbList\",\"@id\":\"https:\/\/arend-fischbach.lu\/sur-nous\/qui-sommes-nous\/#breadcrumb\",\"itemListElement\":[{\"@type\":\"ListItem\",\"position\":1,\"name\":\"Accueil\",\"item\":\"https:\/\/arend-fischbach.lu\/\"},{\"@type\":\"ListItem\",\"position\":2,\"name\":\"Sur nous\",\"item\":\"https:\/\/arend-fischbach.lu\/fr\/sur-nous\/\"},{\"@type\":\"ListItem\",\"position\":3,\"name\":\"Qui sommes nous?\"}]},{\"@type\":\"WebSite\",\"@id\":\"https:\/\/arend-fischbach.lu\/fr\/#website\",\"url\":\"https:\/\/arend-fischbach.lu\/fr\/\",\"name\":\"Arend &amp; Fischbach\",\"description\":\"Promotion immobili\u00e8re\",\"publisher\":{\"@id\":\"https:\/\/arend-fischbach.lu\/fr\/#organization\"},\"potentialAction\":[{\"@type\":\"SearchAction\",\"target\":{\"@type\":\"EntryPoint\",\"urlTemplate\":\"https:\/\/arend-fischbach.lu\/fr\/?s={search_term_string}\"},\"query-input\":\"required name=search_term_string\"}],\"inLanguage\":\"de\"},{\"@type\":\"Organization\",\"@id\":\"https:\/\/arend-fischbach.lu\/fr\/#organization\",\"name\":\"Arend & Fischbach\",\"url\":\"https:\/\/arend-fischbach.lu\/fr\/\",\"logo\":{\"@type\":\"ImageObject\",\"inLanguage\":\"de\",\"@id\":\"https:\/\/arend-fischbach.lu\/fr\/#\/schema\/logo\/image\/\",\"url\":\"https:\/\/arend-fischbach.lu\/wp-content\/uploads\/2016\/07\/AF_logo_vertical_RVB_F.jpg\",\"contentUrl\":\"https:\/\/arend-fischbach.lu\/wp-content\/uploads\/2016\/07\/AF_logo_vertical_RVB_F.jpg\",\"width\":517,\"height\":627,\"caption\":\"Arend & Fischbach\"},\"image\":{\"@id\":\"https:\/\/arend-fischbach.lu\/fr\/#\/schema\/logo\/image\/\"},\"sameAs\":[\"https:\/\/www.instagram.com\/arendfischbach\/\",\"https:\/\/www.facebook.com\/arendfischbach\"]}]}<\/script>\n<!-- \/ Yoast SEO plugin. -->","yoast_head_json":{"title":"Promotion immobili\u00e8re - Arend & Fischbach - Luxembourg","description":"Arend & Fischbach est l\u2019un des acteurs les plus importants sur le march\u00e9 de la promotion immobili\u00e8re r\u00e9sidentielle au Luxembourg.","robots":{"index":"index","follow":"follow","max-snippet":"max-snippet:-1","max-image-preview":"max-image-preview:large","max-video-preview":"max-video-preview:-1"},"canonical":"https:\/\/arend-fischbach.lu\/sur-nous\/qui-sommes-nous\/","og_locale":"de_DE","og_type":"article","og_title":"Promotion immobili\u00e8re - Arend & Fischbach - Luxembourg","og_description":"Arend & Fischbach est l\u2019un des acteurs les plus importants sur le march\u00e9 de la promotion immobili\u00e8re r\u00e9sidentielle au Luxembourg.","og_site_name":"Arend &amp; Fischbach","article_publisher":"https:\/\/www.facebook.com\/arendfischbach","article_modified_time":"2025-10-24T08:31:50+00:00","og_image":[{"width":1024,"height":693,"url":"https:\/\/arend-fischbach.lu\/wp-content\/uploads\/2019\/10\/Artiste-Eric-Mangen-1024x693.jpg","type":"image\/jpeg"}],"twitter_card":"summary_large_image","twitter_misc":{"Gesch\u00e4tzte Lesezeit":"2\u00a0Minuten"},"schema":{"@context":"https:\/\/schema.org","@graph":[{"@type":"WebPage","@id":"https:\/\/arend-fischbach.lu\/sur-nous\/qui-sommes-nous\/","url":"https:\/\/arend-fischbach.lu\/sur-nous\/qui-sommes-nous\/","name":"Promotion immobili\u00e8re - Arend & Fischbach - Luxembourg","isPartOf":{"@id":"https:\/\/arend-fischbach.lu\/fr\/#website"},"datePublished":"2015-09-22T06:36:56+00:00","dateModified":"2025-10-24T08:31:50+00:00","description":"Arend & Fischbach est l\u2019un des acteurs les plus importants sur le march\u00e9 de la promotion immobili\u00e8re r\u00e9sidentielle au Luxembourg.","breadcrumb":{"@id":"https:\/\/arend-fischbach.lu\/sur-nous\/qui-sommes-nous\/#breadcrumb"},"inLanguage":"de","potentialAction":[{"@type":"ReadAction","target":["https:\/\/arend-fischbach.lu\/sur-nous\/qui-sommes-nous\/"]}]},{"@type":"BreadcrumbList","@id":"https:\/\/arend-fischbach.lu\/sur-nous\/qui-sommes-nous\/#breadcrumb","itemListElement":[{"@type":"ListItem","position":1,"name":"Accueil","item":"https:\/\/arend-fischbach.lu\/"},{"@type":"ListItem","position":2,"name":"Sur nous","item":"https:\/\/arend-fischbach.lu\/fr\/sur-nous\/"},{"@type":"ListItem","position":3,"name":"Qui sommes nous?"}]},{"@type":"WebSite","@id":"https:\/\/arend-fischbach.lu\/fr\/#website","url":"https:\/\/arend-fischbach.lu\/fr\/","name":"Arend &amp; Fischbach","description":"Promotion immobili\u00e8re","publisher":{"@id":"https:\/\/arend-fischbach.lu\/fr\/#organization"},"potentialAction":[{"@type":"SearchAction","target":{"@type":"EntryPoint","urlTemplate":"https:\/\/arend-fischbach.lu\/fr\/?s={search_term_string}"},"query-input":"required name=search_term_string"}],"inLanguage":"de"},{"@type":"Organization","@id":"https:\/\/arend-fischbach.lu\/fr\/#organization","name":"Arend & Fischbach","url":"https:\/\/arend-fischbach.lu\/fr\/","logo":{"@type":"ImageObject","inLanguage":"de","@id":"https:\/\/arend-fischbach.lu\/fr\/#\/schema\/logo\/image\/","url":"https:\/\/arend-fischbach.lu\/wp-content\/uploads\/2016\/07\/AF_logo_vertical_RVB_F.jpg","contentUrl":"https:\/\/arend-fischbach.lu\/wp-content\/uploads\/2016\/07\/AF_logo_vertical_RVB_F.jpg","width":517,"height":627,"caption":"Arend & Fischbach"},"image":{"@id":"https:\/\/arend-fischbach.lu\/fr\/#\/schema\/logo\/image\/"},"sameAs":["https:\/\/www.instagram.com\/arendfischbach\/","https:\/\/www.facebook.com\/arendfischbach"]}]}},"_links":{"self":[{"href":"https:\/\/arend-fischbach.lu\/de\/wp-json\/wp\/v2\/pages\/38"}],"collection":[{"href":"https:\/\/arend-fischbach.lu\/de\/wp-json\/wp\/v2\/pages"}],"about":[{"href":"https:\/\/arend-fischbach.lu\/de\/wp-json\/wp\/v2\/types\/page"}],"author":[{"embeddable":true,"href":"https:\/\/arend-fischbach.lu\/de\/wp-json\/wp\/v2\/users\/1"}],"replies":[{"embeddable":true,"href":"https:\/\/arend-fischbach.lu\/de\/wp-json\/wp\/v2\/comments?post=38"}],"version-history":[{"count":64,"href":"https:\/\/arend-fischbach.lu\/de\/wp-json\/wp\/v2\/pages\/38\/revisions"}],"predecessor-version":[{"id":19896,"href":"https:\/\/arend-fischbach.lu\/de\/wp-json\/wp\/v2\/pages\/38\/revisions\/19896"}],"up":[{"embeddable":true,"href":"https:\/\/arend-fischbach.lu\/de\/wp-json\/wp\/v2\/pages\/36"}],"wp:featuredmedia":[{"embeddable":true,"href":"https:\/\/arend-fischbach.lu\/de\/wp-json\/wp\/v2\/media\/8049"}],"wp:attachment":[{"href":"https:\/\/arend-fischbach.lu\/de\/wp-json\/wp\/v2\/media?parent=38"}],"curies":[{"name":"wp","href":"https:\/\/api.w.org\/{rel}","templated":true}]}}