{"id":14684,"date":"2023-02-21T09:23:46","date_gmt":"2023-02-21T08:23:46","guid":{"rendered":"https:\/\/arend-fischbach.lu\/?page_id=14684"},"modified":"2023-02-28T17:20:31","modified_gmt":"2023-02-28T16:20:31","slug":"politique-de-gestion-des-cookies","status":"publish","type":"page","link":"https:\/\/arend-fischbach.lu\/fr\/politique-de-gestion-des-cookies\/","title":{"rendered":"Politique de gestion des cookies"},"content":{"rendered":"Notre site internet utilise des cookies.<\/p>\n<h2>D\u00e9finition des cookies<\/h2>\n<p>Les cookies sont de petits fichiers texte de taille limit\u00e9e qui sont t\u00e9l\u00e9charg\u00e9s sur votre appareil et permettent de personnaliser les services propos\u00e9s par le site ainsi que d\u2019am\u00e9liorer votre exp\u00e9rience de navigation.<\/p>\n<p>Il existe deux types de cookies:<\/p>\n<p><strong>Cookies de session:<\/strong> ce sont des fichiers temporaires qui sont effac\u00e9s lorsque vous fermez votre navigateur. Si vous red\u00e9marrez votre navigateur et revenez sur le site ayant d\u00e9pos\u00e9 un cookie de session, le site ne vous reconnaitra pas.<\/p>\n<p><strong>Cookies persistants:<\/strong> ces fichiers sont sauvegard\u00e9s dans votre navigateur jusqu\u2019\u00e0 ce que vous les supprimiez manuellement ou que votre navigateur les supprime \u00e0 l\u2019expiration de la dur\u00e9e pr\u00e9cis\u00e9e dans le fichier du cookie persistant.<\/p>\n<h2>Gestion des cookies<\/h2>\n<p>Certains cookies ne sont d\u00e9pos\u00e9s que si vous les acceptez. Vous pouvez \u00e0 tout moment param\u00e9trer les cookies par le biais de la banni\u00e8re de cookies en indiquant vos pr\u00e9f\u00e9rences en fonction de la cat\u00e9gorie de cookies.<\/p>\n<p>Vous pouvez \u00e9galement param\u00e9trer votre navigateur de mani\u00e8re \u00e0 \u00eatre inform\u00e9 de la cr\u00e9ation de cookies, \u00e0 ne les autoriser que dans des cas particuliers, \u00e0 exclure l\u2019acceptation de cookies dans certains cas ou de mani\u00e8re g\u00e9n\u00e9rale et \u00e0 activer la suppression automatique de cookies lorsque vous fermez votre navigateur. La d\u00e9sactivation des cookies peut restreindre la fonctionnalit\u00e9 de ce site internet.<\/p>\n<h2>Cookies utilis\u00e9s sur le site:<\/h2>\n<h3>Cookies de fonctionnement<\/h3>\n<p><strong>Fournisseur: YouTube<\/strong><br \/>\nNom: GDPR_OK_youtube_com<br \/>\nFinalit\u00e9: Pouvoir visionner nos vid\u00e9os encastr\u00e9es<br \/>\nDur\u00e9e de stockage: 2 mois<\/p>\n<p><strong>Fournisseur: Geoportail.lu<\/strong><br \/>\nNom: GDPR_OK_geoportail_lu<br \/>\nFinalit\u00e9: afficher les cartes<br \/>\nDur\u00e9e de stockage: 2 mois<\/p>\n<p><strong>Fournisseur: arend-fischbach.lu<\/strong><br \/>\nNom: GDPR_COOKIES_OK<br \/>\nFinalit\u00e9: Pr\u00e9f\u00e9rences Login et Langue<br \/>\nDur\u00e9e de stockage: 2 mois<\/p>\n<h3>Cookies de mesure d\u2019audience<\/h3>\n<p><strong>Fournisseur: Matomo (auto-h\u00e9berg\u00e9) \/ ePrivacy Holding GmbH<\/strong><\/p>\n<p>Nom: GDPR_OK_stats_lightbulb.lu<br \/>\nFinalit\u00e9: Statistiques web<br \/>\nDur\u00e9e de stockage: 2 mois<\/p>\n<p>Nom: _pk_ses.11.${number}<br \/>\nFinalit\u00e9: Statistiques web<br \/>\nDur\u00e9e de stockage: 1 jour<\/p>\n<p>Nom: _pk_id.11.${number}<br \/>\nFinalit\u00e9: Statistiques web<br \/>\nDur\u00e9e de stockage: 1 an<\/p>\n<p>&nbsp;<\/p>\n<p>&nbsp;<\/p>\n<p>&nbsp;","protected":false},"excerpt":{"rendered":"<p>Notre site internet utilise des cookies. D\u00e9finition des cookies Les cookies sont de petits fichiers texte de taille limit\u00e9e qui sont t\u00e9l\u00e9charg\u00e9s sur votre appareil et permettent de personnaliser les services propos\u00e9s par le site ainsi que d\u2019am\u00e9liorer votre exp\u00e9rience de navigation. Il existe deux types de cookies: Cookies de session: ce sont des fichiers&#8230;  <a class=\"excerpt-read-more\" href=\"https:\/\/arend-fischbach.lu\/fr\/politique-de-gestion-des-cookies\/\" title=\"ReadPolitique de gestion des cookies\">Read more &raquo;<\/a><\/p>\n","protected":false},"author":2,"featured_media":0,"parent":0,"menu_order":0,"comment_status":"closed","ping_status":"closed","template":"","meta":[],"yoast_head":"<!-- This site is optimized with the Yoast SEO plugin v19.11 - https:\/\/yoast.com\/wordpress\/plugins\/seo\/ -->\n<title>Politique de gestion des cookies &ndash; Arend &amp; Fischbach<\/title>\n<meta name=\"robots\" content=\"index, follow, max-snippet:-1, max-image-preview:large, max-video-preview:-1\" \/>\n<link rel=\"canonical\" href=\"https:\/\/arend-fischbach.lu\/politique-de-gestion-des-cookies\/\" \/>\n<meta property=\"og:locale\" content=\"fr_FR\" \/>\n<meta property=\"og:type\" content=\"article\" \/>\n<meta property=\"og:title\" content=\"Politique de gestion des cookies &ndash; Arend &amp; Fischbach\" \/>\n<meta property=\"og:description\" content=\"Notre site internet utilise des cookies. D\u00e9finition des cookies Les cookies sont de petits fichiers texte de taille limit\u00e9e qui sont t\u00e9l\u00e9charg\u00e9s sur votre appareil et permettent de personnaliser les services propos\u00e9s par le site ainsi que d\u2019am\u00e9liorer votre exp\u00e9rience de navigation. Il existe deux types de cookies: Cookies de session: ce sont des fichiers... Read more &raquo;\" \/>\n<meta property=\"og:site_name\" content=\"Arend &amp; Fischbach\" \/>\n<meta property=\"article:publisher\" content=\"https:\/\/www.facebook.com\/arendfischbach\" \/>\n<meta property=\"article:modified_time\" content=\"2023-02-28T16:20:31+00:00\" \/>\n<meta property=\"og:image\" content=\"https:\/\/arend-fischbach.lu\/wp-content\/uploads\/2016\/07\/AF_logo_vertical_RVB_F.jpg\" \/>\n\t<meta property=\"og:image:width\" content=\"517\" \/>\n\t<meta property=\"og:image:height\" content=\"627\" \/>\n\t<meta property=\"og:image:type\" content=\"image\/jpeg\" \/>\n<meta name=\"twitter:card\" content=\"summary_large_image\" \/>\n<meta name=\"twitter:label1\" content=\"Dur\u00e9e de lecture estim\u00e9e\" \/>\n\t<meta name=\"twitter:data1\" content=\"2 minutes\" \/>\n<script type=\"application\/ld+json\" class=\"yoast-schema-graph\">{\"@context\":\"https:\/\/schema.org\",\"@graph\":[{\"@type\":\"WebPage\",\"@id\":\"https:\/\/arend-fischbach.lu\/politique-de-gestion-des-cookies\/\",\"url\":\"https:\/\/arend-fischbach.lu\/politique-de-gestion-des-cookies\/\",\"name\":\"Politique de gestion des cookies &ndash; Arend &amp; Fischbach\",\"isPartOf\":{\"@id\":\"https:\/\/arend-fischbach.lu\/fr\/#website\"},\"datePublished\":\"2023-02-21T08:23:46+00:00\",\"dateModified\":\"2023-02-28T16:20:31+00:00\",\"breadcrumb\":{\"@id\":\"https:\/\/arend-fischbach.lu\/politique-de-gestion-des-cookies\/#breadcrumb\"},\"inLanguage\":\"fr-FR\",\"potentialAction\":[{\"@type\":\"ReadAction\",\"target\":[\"https:\/\/arend-fischbach.lu\/politique-de-gestion-des-cookies\/\"]}]},{\"@type\":\"BreadcrumbList\",\"@id\":\"https:\/\/arend-fischbach.lu\/politique-de-gestion-des-cookies\/#breadcrumb\",\"itemListElement\":[{\"@type\":\"ListItem\",\"position\":1,\"name\":\"Accueil\",\"item\":\"https:\/\/arend-fischbach.lu\/\"},{\"@type\":\"ListItem\",\"position\":2,\"name\":\"Politique de gestion des cookies\"}]},{\"@type\":\"WebSite\",\"@id\":\"https:\/\/arend-fischbach.lu\/fr\/#website\",\"url\":\"https:\/\/arend-fischbach.lu\/fr\/\",\"name\":\"Arend &amp; Fischbach\",\"description\":\"Promotion immobili\u00e8re\",\"publisher\":{\"@id\":\"https:\/\/arend-fischbach.lu\/fr\/#organization\"},\"potentialAction\":[{\"@type\":\"SearchAction\",\"target\":{\"@type\":\"EntryPoint\",\"urlTemplate\":\"https:\/\/arend-fischbach.lu\/fr\/?s={search_term_string}\"},\"query-input\":\"required name=search_term_string\"}],\"inLanguage\":\"fr-FR\"},{\"@type\":\"Organization\",\"@id\":\"https:\/\/arend-fischbach.lu\/fr\/#organization\",\"name\":\"Arend & Fischbach\",\"url\":\"https:\/\/arend-fischbach.lu\/fr\/\",\"logo\":{\"@type\":\"ImageObject\",\"inLanguage\":\"fr-FR\",\"@id\":\"https:\/\/arend-fischbach.lu\/fr\/#\/schema\/logo\/image\/\",\"url\":\"https:\/\/arend-fischbach.lu\/wp-content\/uploads\/2016\/07\/AF_logo_vertical_RVB_F.jpg\",\"contentUrl\":\"https:\/\/arend-fischbach.lu\/wp-content\/uploads\/2016\/07\/AF_logo_vertical_RVB_F.jpg\",\"width\":517,\"height\":627,\"caption\":\"Arend & Fischbach\"},\"image\":{\"@id\":\"https:\/\/arend-fischbach.lu\/fr\/#\/schema\/logo\/image\/\"},\"sameAs\":[\"https:\/\/www.instagram.com\/arendfischbach\/\",\"https:\/\/www.facebook.com\/arendfischbach\"]}]}<\/script>\n<!-- \/ Yoast SEO plugin. -->","yoast_head_json":{"title":"Politique de gestion des cookies &ndash; Arend &amp; Fischbach","robots":{"index":"index","follow":"follow","max-snippet":"max-snippet:-1","max-image-preview":"max-image-preview:large","max-video-preview":"max-video-preview:-1"},"canonical":"https:\/\/arend-fischbach.lu\/politique-de-gestion-des-cookies\/","og_locale":"fr_FR","og_type":"article","og_title":"Politique de gestion des cookies &ndash; Arend &amp; Fischbach","og_description":"Notre site internet utilise des cookies. D\u00e9finition des cookies Les cookies sont de petits fichiers texte de taille limit\u00e9e qui sont t\u00e9l\u00e9charg\u00e9s sur votre appareil et permettent de personnaliser les services propos\u00e9s par le site ainsi que d\u2019am\u00e9liorer votre exp\u00e9rience de navigation. Il existe deux types de cookies: Cookies de session: ce sont des fichiers... Read more &raquo;","og_site_name":"Arend &amp; Fischbach","article_publisher":"https:\/\/www.facebook.com\/arendfischbach","article_modified_time":"2023-02-28T16:20:31+00:00","og_image":[{"width":517,"height":627,"url":"https:\/\/arend-fischbach.lu\/wp-content\/uploads\/2016\/07\/AF_logo_vertical_RVB_F.jpg","type":"image\/jpeg"}],"twitter_card":"summary_large_image","twitter_misc":{"Dur\u00e9e de lecture estim\u00e9e":"2 minutes"},"schema":{"@context":"https:\/\/schema.org","@graph":[{"@type":"WebPage","@id":"https:\/\/arend-fischbach.lu\/politique-de-gestion-des-cookies\/","url":"https:\/\/arend-fischbach.lu\/politique-de-gestion-des-cookies\/","name":"Politique de gestion des cookies &ndash; Arend &amp; Fischbach","isPartOf":{"@id":"https:\/\/arend-fischbach.lu\/fr\/#website"},"datePublished":"2023-02-21T08:23:46+00:00","dateModified":"2023-02-28T16:20:31+00:00","breadcrumb":{"@id":"https:\/\/arend-fischbach.lu\/politique-de-gestion-des-cookies\/#breadcrumb"},"inLanguage":"fr-FR","potentialAction":[{"@type":"ReadAction","target":["https:\/\/arend-fischbach.lu\/politique-de-gestion-des-cookies\/"]}]},{"@type":"BreadcrumbList","@id":"https:\/\/arend-fischbach.lu\/politique-de-gestion-des-cookies\/#breadcrumb","itemListElement":[{"@type":"ListItem","position":1,"name":"Accueil","item":"https:\/\/arend-fischbach.lu\/"},{"@type":"ListItem","position":2,"name":"Politique de gestion des cookies"}]},{"@type":"WebSite","@id":"https:\/\/arend-fischbach.lu\/fr\/#website","url":"https:\/\/arend-fischbach.lu\/fr\/","name":"Arend &amp; Fischbach","description":"Promotion immobili\u00e8re","publisher":{"@id":"https:\/\/arend-fischbach.lu\/fr\/#organization"},"potentialAction":[{"@type":"SearchAction","target":{"@type":"EntryPoint","urlTemplate":"https:\/\/arend-fischbach.lu\/fr\/?s={search_term_string}"},"query-input":"required name=search_term_string"}],"inLanguage":"fr-FR"},{"@type":"Organization","@id":"https:\/\/arend-fischbach.lu\/fr\/#organization","name":"Arend & Fischbach","url":"https:\/\/arend-fischbach.lu\/fr\/","logo":{"@type":"ImageObject","inLanguage":"fr-FR","@id":"https:\/\/arend-fischbach.lu\/fr\/#\/schema\/logo\/image\/","url":"https:\/\/arend-fischbach.lu\/wp-content\/uploads\/2016\/07\/AF_logo_vertical_RVB_F.jpg","contentUrl":"https:\/\/arend-fischbach.lu\/wp-content\/uploads\/2016\/07\/AF_logo_vertical_RVB_F.jpg","width":517,"height":627,"caption":"Arend & Fischbach"},"image":{"@id":"https:\/\/arend-fischbach.lu\/fr\/#\/schema\/logo\/image\/"},"sameAs":["https:\/\/www.instagram.com\/arendfischbach\/","https:\/\/www.facebook.com\/arendfischbach"]}]}},"_links":{"self":[{"href":"https:\/\/arend-fischbach.lu\/fr\/wp-json\/wp\/v2\/pages\/14684"}],"collection":[{"href":"https:\/\/arend-fischbach.lu\/fr\/wp-json\/wp\/v2\/pages"}],"about":[{"href":"https:\/\/arend-fischbach.lu\/fr\/wp-json\/wp\/v2\/types\/page"}],"author":[{"embeddable":true,"href":"https:\/\/arend-fischbach.lu\/fr\/wp-json\/wp\/v2\/users\/2"}],"replies":[{"embeddable":true,"href":"https:\/\/arend-fischbach.lu\/fr\/wp-json\/wp\/v2\/comments?post=14684"}],"version-history":[{"count":4,"href":"https:\/\/arend-fischbach.lu\/fr\/wp-json\/wp\/v2\/pages\/14684\/revisions"}],"predecessor-version":[{"id":14694,"href":"https:\/\/arend-fischbach.lu\/fr\/wp-json\/wp\/v2\/pages\/14684\/revisions\/14694"}],"wp:attachment":[{"href":"https:\/\/arend-fischbach.lu\/fr\/wp-json\/wp\/v2\/media?parent=14684"}],"curies":[{"name":"wp","href":"https:\/\/api.w.org\/{rel}","templated":true}]}}