{"id":20671,"date":"2026-04-13T12:57:17","date_gmt":"2026-04-13T11:57:17","guid":{"rendered":"https:\/\/arend-fischbach.lu\/?page_id=20671"},"modified":"2026-04-15T13:21:24","modified_gmt":"2026-04-15T12:21:24","slug":"jobs-career","status":"publish","type":"page","link":"https:\/\/arend-fischbach.lu\/fr\/jobs-career\/","title":{"rendered":"Jobs"},"content":{"rendered":"<div class=\"orc-list\"><article class=\"orc-card orc--arend\"><div class=\"orc-accent\"><\/div><div class=\"orc-body\"><div class=\"orc-topline\"><time class=\"orc-date\">15.04.2026<\/time><span class=\"orc-company\">Arend &amp; Fischbach<\/span><\/div><h3 class=\"orc-title\">Assistant(e) juridique (m\/f)<\/h3><div class=\"orc-tags\"><span class=\"orc-tag\">ASSOCIATION N. AREND &amp; C. FISCHBACH S.A.<\/span><span class=\"orc-tag orc-tag--count\">1 poste<\/span><\/div><p class=\"orc-excerpt\">Depuis 1989, Arend &amp; Fischbach est un des acteurs principaux et omnipr\u00e9sent sur le march\u00e9 de l\u2019immobilier luxembourgeois. Le groupe r\u00e9alise des promotions et op\u00e9rations immobili\u00e8res r\u00e9sidentielles, viabilisation\u2026<\/p><button class=\"orc-toggle\" type=\"button\"><span class=\"orc-toggle-label\">Voir l'offre<\/span><span class=\"orc-toggle-icon\"><svg width=\"10\" height=\"10\" viewBox=\"0 0 10 10\"><path d=\"M2 3.5L5 6.5L8 3.5\" fill=\"none\" stroke=\"currentColor\" stroke-width=\"1.4\" stroke-linecap=\"round\" stroke-linejoin=\"round\"\/><\/svg><\/span><\/button><div class=\"orc-expand\"><div class=\"orc-expand-in\"><div class=\"orc-separator\"><\/div><div class=\"orc-desc\">\n    \n    \n<section class=\"pt32 o_colored_level\" style=\"background-image: none\">\n        <div class=\"container\">\n            <div class=\"row\">\n                <div class=\"col-lg-8 pb32 o_colored_level\">\n                    <p>Depuis 1989, Arend &amp; Fischbach est un des acteurs principaux et omnipr\u00e9sent sur le march\u00e9 de l\u2019immobilier luxembourgeois. Le groupe r\u00e9alise des promotions et op\u00e9rations immobili\u00e8res r\u00e9sidentielles, viabilisation de terrains, cr\u00e9ation d\u2019habitations, appartements et maisons cl\u00e9-en-main.<\/p><p>Pour notre si\u00e8ge \u00e0 Mersch, nous recherchons un(e)<\/p><h2><span class=\"h4-fs\">Assistant(e) juridique (m\/f)<\/span><\/h2><p><strong>Type de contrat:<\/strong><\/p><ul><li>Poste \u00e0 plein temps (40 h \/ sem.)<\/li><li>Contrat \u00e0 dur\u00e9e ind\u00e9termin\u00e9e<\/li><li>Entr\u00e9e imm\u00e9diate ou \u00e0 convenir<\/li><\/ul><p><strong>Vos missions:<\/strong><\/p><ul><li>Pr\u00e9parer, revoir et g\u00e9rer les documents juridiques tels que des courriers, contrats d\u2019achats, de ventes, baux et autres dossiers n\u00e9cessaires \u00e0 la r\u00e9alisation de transactions immobili\u00e8res.<\/li><li>Participer \u00e0 la mise en place de mod\u00e8les sp\u00e9cifiques.<\/li><li>Assurer la coordination avec les notaires, avocats et autres parties prenantes externes pour assurer le bon d\u00e9roulement des proc\u00e9dures.<\/li><li>Organiser les documents juridiques et participer activement \u00e0 la digitalisation du service.<\/li><li>Assister les juristes dans la pr\u00e9paration des dossiers contentieux ou autres proc\u00e9dures l\u00e9gales.<\/li><li>Alimenter le logiciel AML\/KYC et faire le suivi des dossiers anti-blanchiment.<\/li><li>Assurer la gestion du secr\u00e9tariat au quotidien.<\/li><\/ul><p><strong>Votre profil:<\/strong><\/p><ul><li>Vous \u00eates titulaire d\u2019un dipl\u00f4me de formation sup\u00e9rieure en secr\u00e9tariat avec une sp\u00e9cialisation en droit, ou d\u2019un BAC+3 en droit<\/li><li>Vous disposez d\u2019excellentes capacit\u00e9s organisationnelles et portez une attention minutieuse aux d\u00e9tails<\/li><li>Vous \u00eates capable de g\u00e9rer plusieurs t\u00e2ches de mani\u00e8re simultan\u00e9e et sous pression<\/li><li>Vous avez une exp\u00e9rience de minimum 5 ans dans un poste similaire<\/li><li>Vous ma\u00eetrisez le fran\u00e7ais et l\u2019anglais, la connaissance du luxembourgeois est un atout majeur.<\/li><\/ul><p><strong>Nous offrons:<\/strong><\/p><ul><li>Une r\u00e9mun\u00e9ration attractive bas\u00e9e sur votre exp\u00e9rience et vos comp\u00e9tences<\/li><li>Un cadre de travail agr\u00e9able et coop\u00e9ratif<\/li><li>L\u2019acc\u00e8s \u00e0 de nombreuses formations continues dans votre domaine<\/li><\/ul><p>Si ce challenge vous int\u00e9resse, nous vous invitons \u00e0 adresser votre candidature (CV et lettre de motivation), qui sera trait\u00e9e en toute confidentialit\u00e9, en remplissant le formulaire ci-contre.<\/p><p>\n\n<\/p><p class=\"lead\">\n\n&nbsp;<br><\/p>\n                <\/div>\n                \n            <\/div>\n        <\/div>\n    <\/section>\n    \n    \n    \n    \n    \n    \n    \n    <\/div><div class=\"orc-consent\"><label class=\"orc-consent-label\" for=\"orc-consent-10\"><input type=\"checkbox\" class=\"orc-consent-check\" id=\"orc-consent-10\" \/><span class=\"orc-consent-box\"><\/span><span class=\"orc-consent-text\">Avant d'envoyer ce formulaire, lisez svp. notre <a href=\"https:\/\/arend-fischbach.lu\/fr\/protection-des-donnees-candidatures\/\" target=\"_blank\" rel=\"noopener\" class=\"orc-consent-link\">Note d'information sur la protection des donn\u00e9es concernant les candidatures \u00e0 un poste au sein de l'Association N. Arend &amp; C. Fischbach s.a. \/ Maisons Loginter s.a.<\/a><\/span><\/label><\/div><a href=\"https:\/\/events.na-cf.lu\/jobs\/apply\/10\" class=\"orc-apply orc-apply--disabled\" target=\"_blank\" rel=\"noopener\" aria-disabled=\"true\">Postuler <svg width=\"16\" height=\"16\" viewBox=\"0 0 16 16\" fill=\"none\"><path d=\"M3 8h10M9 4l4 4-4 4\" stroke=\"currentColor\" stroke-width=\"1.5\" stroke-linecap=\"round\" stroke-linejoin=\"round\"\/><\/svg><\/a><\/div><\/div><\/div><\/article><article class=\"orc-card orc--arend\"><div class=\"orc-accent\"><\/div><div class=\"orc-body\"><div class=\"orc-topline\"><time class=\"orc-date\">15.04.2026<\/time><span class=\"orc-company\">Arend &amp; Fischbach<\/span><\/div><h3 class=\"orc-title\">Dessinateur en construction (m\/f)<\/h3><div class=\"orc-tags\"><span class=\"orc-tag\">ASSOCIATION N. AREND &amp; C. FISCHBACH S.A.<\/span><span class=\"orc-tag\">Permanent<\/span><span class=\"orc-tag orc-tag--count\">1 poste<\/span><\/div><p class=\"orc-excerpt\">Depuis 1989, Arend &amp; Fischbach est l\u2019un des acteurs principaux et omnipr\u00e9sents sur le march\u00e9 de l\u2019immobilier luxembourgeois. Le groupe r\u00e9alise des promotions et op\u00e9rations immobili\u00e8res r\u00e9sidentielles, viabilisations\u2026<\/p><button class=\"orc-toggle\" type=\"button\"><span class=\"orc-toggle-label\">Voir l'offre<\/span><span class=\"orc-toggle-icon\"><svg width=\"10\" height=\"10\" viewBox=\"0 0 10 10\"><path d=\"M2 3.5L5 6.5L8 3.5\" fill=\"none\" stroke=\"currentColor\" stroke-width=\"1.4\" stroke-linecap=\"round\" stroke-linejoin=\"round\"\/><\/svg><\/span><\/button><div class=\"orc-expand\"><div class=\"orc-expand-in\"><div class=\"orc-separator\"><\/div><div class=\"orc-desc\">\n    \n    \n\n\n\n<section class=\"o_colored_level pt16\" style=\"background-image: none\">\n        <div class=\"container\">\n            <div class=\"row\">\n                <div class=\"col-lg-8 pb32 o_colored_level\">\n                    <p>Depuis 1989, Arend &amp; Fischbach est l\u2019un des acteurs\nprincipaux et omnipr\u00e9sents sur le march\u00e9 de l\u2019immobilier luxembourgeois. Le\ngroupe r\u00e9alise des promotions et op\u00e9rations immobili\u00e8res r\u00e9sidentielles,\nviabilisations de terrains, cr\u00e9ations d\u2019habitations, appartements et maisons\ncl\u00e9-en-main.<\/p><p>En vue de renforcer l\u2019\u00e9quipe de notre d\u00e9partement\nr\u00e9sidences, nous proposons d\u2019engager un(e)<\/p><p>Dessinateur(trice) en construction (m\/f)<\/p><p class=\"lead\">\n\n\n\n\n\n&nbsp;<br><\/p>\n                <\/div>\n                \n            <\/div>\n        <\/div>\n    <\/section>\n    \n    \n\n\n\n<section class=\"s_comparisons bg-200 o_colored_level pt0 pb8\" data-snippet=\"s_comparisons\" data-name=\"Comparaisons\" style=\"background-image: none\">\n        <div class=\"container\">\n            <div class=\"row\">\n                <div class=\"col-lg-4 s_col_no_bgcolor pt16 pb16\" data-name=\"Box\">\n                    <div class=\"card text-bg-primary\">\n                        <h4 class=\"card-header\">Responsabilit\u00e9s<\/h4>\n                        <ul class=\"list-group list-group-flush\">\n                            <li class=\"list-group-item\">Elaboration des plans d\u2019ex\u00e9cution et des d\u00e9tails techniques pour des projets r\u00e9sidentiels<\/li><li class=\"list-group-item\">R\u00e9alisation des plans de vente<\/li><li class=\"list-group-item\">R\u00e9alisation d\u2019un carnet de d\u00e9tails types<\/li><li class=\"list-group-item\">Suivi des modifications acqu\u00e9reurs et mise \u00e0 jour des plans<\/li>\n                        <\/ul>\n                    <\/div>\n                <\/div>\n                <div class=\"s_col_no_bgcolor pt16 pb16 col-lg-8\" data-name=\"Box\">\n                    <div class=\"card text-bg-primary\">\n                        <h4 class=\"card-header\">Profil<\/h4>\n                        <ul class=\"list-group list-group-flush\">\n                            <li class=\"list-group-item\">Une premi\u00e8re exp\u00e9rience dans une fonction similaire est un atout mais n\u2019est pas indispensable<\/li><li class=\"list-group-item\">Ma\u00eetrise du logiciel ARCHICAD<\/li><li class=\"list-group-item\">Bonne connaissance des normes et des standards de construction du Luxembourg<\/li><li class=\"list-group-item\">Sens de l\u2019organisation<\/li><li class=\"list-group-item\">Travail en \u00e9quipe et esprit d\u2019initiative<\/li><li class=\"list-group-item\">Langue fran\u00e7aise indispensable. Le luxembourgeois est souhait\u00e9. Toute autre langue sera consid\u00e9r\u00e9e comme un atout.<\/li><\/ul><\/div>\n                <\/div>\n                \n            <\/div>\n        <\/div>\n    <\/section>\n    \n    \n    \n    \n\n\n\n<section class=\"s_features pt64 pb40 bg-200 o_colored_level\" data-name=\"Features\" data-snippet=\"s_features\" style=\"background-image: none\">\n        <div class=\"container\">\n            <h2>Ce que nous offrons<\/h2>\n            <br>\n            <ul>\n <li>Un\n     poste \u00e0 temps plein et en CDI<\/li>\n <li>Un\n     travail vari\u00e9 et enrichissant dans une \u00e9quipe jeune et dynamique<\/li>\n <li>Une\n     formation continue<\/li>\n <li>Une\n     r\u00e9mun\u00e9ration en rapport avec les capacit\u00e9s<\/li>\n <li>Avantages\n     extra-l\u00e9gaux<\/li>\n <li>De\n     r\u00e9elles perspectives d\u2019avenir dans un groupe solide et reconnu<\/li>\n <li>Horaires\n     flexibles<\/li>\n<\/ul><p>&nbsp;<\/p><p>Nous vous remercions d\u2019adresser votre dossier de candidature\navec CV d\u00e9taill\u00e9 qui sera trait\u00e9 en toute confidentialit\u00e9.<\/p><p class=\"lead\">\n\n\n\n\n\n&nbsp;<br><\/p>\n            \n        <\/div>\n    <\/section>\n    \n    <\/div><div class=\"orc-consent\"><label class=\"orc-consent-label\" for=\"orc-consent-6\"><input type=\"checkbox\" class=\"orc-consent-check\" id=\"orc-consent-6\" \/><span class=\"orc-consent-box\"><\/span><span class=\"orc-consent-text\">Avant d'envoyer ce formulaire, lisez svp. notre <a href=\"https:\/\/arend-fischbach.lu\/fr\/protection-des-donnees-candidatures\/\" target=\"_blank\" rel=\"noopener\" class=\"orc-consent-link\">Note d'information sur la protection des donn\u00e9es concernant les candidatures \u00e0 un poste au sein de l'Association N. Arend &amp; C. Fischbach s.a. \/ Maisons Loginter s.a.<\/a><\/span><\/label><\/div><a href=\"https:\/\/events.na-cf.lu\/jobs\/apply\/6\" class=\"orc-apply orc-apply--disabled\" target=\"_blank\" rel=\"noopener\" aria-disabled=\"true\">Postuler <svg width=\"16\" height=\"16\" viewBox=\"0 0 16 16\" fill=\"none\"><path d=\"M3 8h10M9 4l4 4-4 4\" stroke=\"currentColor\" stroke-width=\"1.5\" stroke-linecap=\"round\" stroke-linejoin=\"round\"\/><\/svg><\/a><\/div><\/div><\/div><\/article><\/div>","protected":false},"excerpt":{"rendered":"","protected":false},"author":9,"featured_media":0,"parent":0,"menu_order":0,"comment_status":"closed","ping_status":"closed","template":"","meta":[],"yoast_head":"<!-- This site is optimized with the Yoast SEO plugin v19.11 - https:\/\/yoast.com\/wordpress\/plugins\/seo\/ -->\n<title>Offres d&#039;emploi Immobilier - Arend &amp; Fischbach - Luxembourg<\/title>\n<meta name=\"description\" content=\"Le secteur de l&#039;immobilier vous passionne ? Rejoignez un promoteur dynamique et novateur. D\u00e9couvrez toutes nos offres d&#039;emploi sur notre site.\" \/>\n<meta name=\"robots\" content=\"index, follow, max-snippet:-1, max-image-preview:large, max-video-preview:-1\" \/>\n<link rel=\"canonical\" href=\"https:\/\/arend-fischbach.lu\/jobs-career\/\" \/>\n<meta property=\"og:locale\" content=\"fr_FR\" \/>\n<meta property=\"og:type\" content=\"article\" \/>\n<meta property=\"og:title\" content=\"[:fr]Offres d&#039;emploi Immobilier - Arend &amp; Fischbach - Luxembourg[:]\" \/>\n<meta property=\"og:description\" content=\"{:fr}Le secteur de l&#039;immobilier vous passionne ? Rejoignez un promoteur dynamique et novateur. D\u00e9couvrez toutes nos offres d&#039;emploi sur notre site.{:}\" \/>\n<meta property=\"og:site_name\" content=\"Arend &amp; Fischbach\" \/>\n<meta property=\"article:publisher\" content=\"https:\/\/www.facebook.com\/arendfischbach\" \/>\n<meta property=\"article:modified_time\" content=\"2026-04-15T12:21:24+00:00\" \/>\n<meta property=\"og:image\" content=\"https:\/\/arend-fischbach.lu\/wp-content\/uploads\/2016\/07\/AF_logo_vertical_RVB_F.jpg\" \/>\n\t<meta property=\"og:image:width\" content=\"517\" \/>\n\t<meta property=\"og:image:height\" content=\"627\" \/>\n\t<meta property=\"og:image:type\" content=\"image\/jpeg\" \/>\n<meta name=\"twitter:card\" content=\"summary_large_image\" \/>\n<meta name=\"twitter:label1\" content=\"Dur\u00e9e de lecture estim\u00e9e\" \/>\n\t<meta name=\"twitter:data1\" content=\"1 minute\" \/>\n<script type=\"application\/ld+json\" class=\"yoast-schema-graph\">{\"@context\":\"https:\/\/schema.org\",\"@graph\":[{\"@type\":\"WebPage\",\"@id\":\"https:\/\/arend-fischbach.lu\/jobs-career\/\",\"url\":\"https:\/\/arend-fischbach.lu\/jobs-career\/\",\"name\":\"[:fr]Offres d'emploi Immobilier - Arend & Fischbach - Luxembourg[:]\",\"isPartOf\":{\"@id\":\"https:\/\/arend-fischbach.lu\/fr\/#website\"},\"datePublished\":\"2026-04-13T11:57:17+00:00\",\"dateModified\":\"2026-04-15T12:21:24+00:00\",\"description\":\"{:fr}Le secteur de l'immobilier vous passionne ? Rejoignez un promoteur dynamique et novateur. D\u00e9couvrez toutes nos offres d'emploi sur notre site.{:}\",\"breadcrumb\":{\"@id\":\"https:\/\/arend-fischbach.lu\/jobs-career\/#breadcrumb\"},\"inLanguage\":\"fr-FR\",\"potentialAction\":[{\"@type\":\"ReadAction\",\"target\":[\"https:\/\/arend-fischbach.lu\/jobs-career\/\"]}]},{\"@type\":\"BreadcrumbList\",\"@id\":\"https:\/\/arend-fischbach.lu\/jobs-career\/#breadcrumb\",\"itemListElement\":[{\"@type\":\"ListItem\",\"position\":1,\"name\":\"Accueil\",\"item\":\"https:\/\/arend-fischbach.lu\/\"},{\"@type\":\"ListItem\",\"position\":2,\"name\":\"Jobs\"}]},{\"@type\":\"WebSite\",\"@id\":\"https:\/\/arend-fischbach.lu\/fr\/#website\",\"url\":\"https:\/\/arend-fischbach.lu\/fr\/\",\"name\":\"Arend &amp; Fischbach\",\"description\":\"Promotion immobili\u00e8re\",\"publisher\":{\"@id\":\"https:\/\/arend-fischbach.lu\/fr\/#organization\"},\"potentialAction\":[{\"@type\":\"SearchAction\",\"target\":{\"@type\":\"EntryPoint\",\"urlTemplate\":\"https:\/\/arend-fischbach.lu\/fr\/?s={search_term_string}\"},\"query-input\":\"required name=search_term_string\"}],\"inLanguage\":\"fr-FR\"},{\"@type\":\"Organization\",\"@id\":\"https:\/\/arend-fischbach.lu\/fr\/#organization\",\"name\":\"Arend & Fischbach\",\"url\":\"https:\/\/arend-fischbach.lu\/fr\/\",\"logo\":{\"@type\":\"ImageObject\",\"inLanguage\":\"fr-FR\",\"@id\":\"https:\/\/arend-fischbach.lu\/fr\/#\/schema\/logo\/image\/\",\"url\":\"https:\/\/arend-fischbach.lu\/wp-content\/uploads\/2016\/07\/AF_logo_vertical_RVB_F.jpg\",\"contentUrl\":\"https:\/\/arend-fischbach.lu\/wp-content\/uploads\/2016\/07\/AF_logo_vertical_RVB_F.jpg\",\"width\":517,\"height\":627,\"caption\":\"Arend & Fischbach\"},\"image\":{\"@id\":\"https:\/\/arend-fischbach.lu\/fr\/#\/schema\/logo\/image\/\"},\"sameAs\":[\"https:\/\/www.instagram.com\/arendfischbach\/\",\"https:\/\/www.facebook.com\/arendfischbach\"]}]}<\/script>\n<!-- \/ Yoast SEO plugin. -->","yoast_head_json":{"title":"Offres d'emploi Immobilier - Arend & Fischbach - Luxembourg","description":"Le secteur de l'immobilier vous passionne ? Rejoignez un promoteur dynamique et novateur. D\u00e9couvrez toutes nos offres d'emploi sur notre site.","robots":{"index":"index","follow":"follow","max-snippet":"max-snippet:-1","max-image-preview":"max-image-preview:large","max-video-preview":"max-video-preview:-1"},"canonical":"https:\/\/arend-fischbach.lu\/jobs-career\/","og_locale":"fr_FR","og_type":"article","og_title":"[:fr]Offres d'emploi Immobilier - Arend & Fischbach - Luxembourg[:]","og_description":"{:fr}Le secteur de l'immobilier vous passionne ? Rejoignez un promoteur dynamique et novateur. D\u00e9couvrez toutes nos offres d'emploi sur notre site.{:}","og_site_name":"Arend &amp; Fischbach","article_publisher":"https:\/\/www.facebook.com\/arendfischbach","article_modified_time":"2026-04-15T12:21:24+00:00","og_image":[{"width":517,"height":627,"url":"https:\/\/arend-fischbach.lu\/wp-content\/uploads\/2016\/07\/AF_logo_vertical_RVB_F.jpg","type":"image\/jpeg"}],"twitter_card":"summary_large_image","twitter_misc":{"Dur\u00e9e de lecture estim\u00e9e":"1 minute"},"schema":{"@context":"https:\/\/schema.org","@graph":[{"@type":"WebPage","@id":"https:\/\/arend-fischbach.lu\/jobs-career\/","url":"https:\/\/arend-fischbach.lu\/jobs-career\/","name":"[:fr]Offres d'emploi Immobilier - Arend & Fischbach - Luxembourg[:]","isPartOf":{"@id":"https:\/\/arend-fischbach.lu\/fr\/#website"},"datePublished":"2026-04-13T11:57:17+00:00","dateModified":"2026-04-15T12:21:24+00:00","description":"{:fr}Le secteur de l'immobilier vous passionne ? Rejoignez un promoteur dynamique et novateur. D\u00e9couvrez toutes nos offres d'emploi sur notre site.{:}","breadcrumb":{"@id":"https:\/\/arend-fischbach.lu\/jobs-career\/#breadcrumb"},"inLanguage":"fr-FR","potentialAction":[{"@type":"ReadAction","target":["https:\/\/arend-fischbach.lu\/jobs-career\/"]}]},{"@type":"BreadcrumbList","@id":"https:\/\/arend-fischbach.lu\/jobs-career\/#breadcrumb","itemListElement":[{"@type":"ListItem","position":1,"name":"Accueil","item":"https:\/\/arend-fischbach.lu\/"},{"@type":"ListItem","position":2,"name":"Jobs"}]},{"@type":"WebSite","@id":"https:\/\/arend-fischbach.lu\/fr\/#website","url":"https:\/\/arend-fischbach.lu\/fr\/","name":"Arend &amp; Fischbach","description":"Promotion immobili\u00e8re","publisher":{"@id":"https:\/\/arend-fischbach.lu\/fr\/#organization"},"potentialAction":[{"@type":"SearchAction","target":{"@type":"EntryPoint","urlTemplate":"https:\/\/arend-fischbach.lu\/fr\/?s={search_term_string}"},"query-input":"required name=search_term_string"}],"inLanguage":"fr-FR"},{"@type":"Organization","@id":"https:\/\/arend-fischbach.lu\/fr\/#organization","name":"Arend & Fischbach","url":"https:\/\/arend-fischbach.lu\/fr\/","logo":{"@type":"ImageObject","inLanguage":"fr-FR","@id":"https:\/\/arend-fischbach.lu\/fr\/#\/schema\/logo\/image\/","url":"https:\/\/arend-fischbach.lu\/wp-content\/uploads\/2016\/07\/AF_logo_vertical_RVB_F.jpg","contentUrl":"https:\/\/arend-fischbach.lu\/wp-content\/uploads\/2016\/07\/AF_logo_vertical_RVB_F.jpg","width":517,"height":627,"caption":"Arend & Fischbach"},"image":{"@id":"https:\/\/arend-fischbach.lu\/fr\/#\/schema\/logo\/image\/"},"sameAs":["https:\/\/www.instagram.com\/arendfischbach\/","https:\/\/www.facebook.com\/arendfischbach"]}]}},"_links":{"self":[{"href":"https:\/\/arend-fischbach.lu\/fr\/wp-json\/wp\/v2\/pages\/20671"}],"collection":[{"href":"https:\/\/arend-fischbach.lu\/fr\/wp-json\/wp\/v2\/pages"}],"about":[{"href":"https:\/\/arend-fischbach.lu\/fr\/wp-json\/wp\/v2\/types\/page"}],"author":[{"embeddable":true,"href":"https:\/\/arend-fischbach.lu\/fr\/wp-json\/wp\/v2\/users\/9"}],"replies":[{"embeddable":true,"href":"https:\/\/arend-fischbach.lu\/fr\/wp-json\/wp\/v2\/comments?post=20671"}],"version-history":[{"count":11,"href":"https:\/\/arend-fischbach.lu\/fr\/wp-json\/wp\/v2\/pages\/20671\/revisions"}],"predecessor-version":[{"id":20690,"href":"https:\/\/arend-fischbach.lu\/fr\/wp-json\/wp\/v2\/pages\/20671\/revisions\/20690"}],"wp:attachment":[{"href":"https:\/\/arend-fischbach.lu\/fr\/wp-json\/wp\/v2\/media?parent=20671"}],"curies":[{"name":"wp","href":"https:\/\/api.w.org\/{rel}","templated":true}]}}