{"id":36,"date":"2015-09-22T06:36:39","date_gmt":"2015-09-22T06:36:39","guid":{"rendered":"https:\/\/arend-fischbach.lu\/?page_id=36"},"modified":"2019-11-22T10:24:03","modified_gmt":"2019-11-22T09:24:03","slug":"sur-nous","status":"publish","type":"page","link":"https:\/\/arend-fischbach.lu\/fr\/sur-nous\/","title":{"rendered":"Sur nous"},"content":{"rendered":"<p>Depuis plus de 25 ann\u00e9es l\u2019Association N. Arend &amp; C. Fischbach r\u00e9alise des promotions et op\u00e9rations immobili\u00e8res r\u00e9sidentielles avec recherche permanente de la localisation g\u00e9ographique privil\u00e9gi\u00e9e et de l\u2019optimisation \u00e9nerg\u00e9tique au meilleur rapport qualit\u00e9\u2009\/\u2009prix.<\/p>\n<h2>1989: Les d\u00e9buts<\/h2>\n<p>C\u2019est en 1989 que Nico Arend et Carlo Fischbach d\u00e9cident de s\u2019associer pour se lancer dans la promotion immobili\u00e8re en cr\u00e9ant l\u2019Association N. Arend &amp; C. Fischbach. Auparavant Nico Arend a entam\u00e9 sa carri\u00e8re professionnelle en tant que comptable de deux entreprises de construction, avant de cr\u00e9er sa premi\u00e8re fiduciaire \u00e0 Mersch.<br \/>\nQuant \u00e0 Carlo Fischbach, apr\u00e8s une premi\u00e8re exp\u00e9rience en tant qu\u2019associ\u00e9 d\u2019une agence immobili\u00e8re, il installe sa propre agence au centre de la Ville de Luxembourg et la renomm\u00e9e de son bureau va vite d\u00e9passer les limites de la capitale.<\/p>\n<h2>Lotissements \u2026<\/h2>\n<p>La rencontre des deux hommes, ainsi que la mise en commun de leurs profils et talents compl\u00e9mentaires, sont \u00e0 l\u2019origine d\u2019un groupe qui s\u2019est rapidement d\u00e9velopp\u00e9. Dans un premier temps, l\u2019association se consacre au d\u00e9veloppement de terrains \u00e0 b\u00e2tir.<br \/>\nPar une analyse pertinente des besoins du march\u00e9 immobilier luxembourgeois les deux associ\u00e9s ont su d\u00e9velopper de multiples projets de qualit\u00e9 \u00e0 ses endroits recherch\u00e9s et ont ainsi assur\u00e9 au groupe un d\u00e9veloppement solide et continu.<br \/>\nDepuis ses d\u00e9buts Arend &amp; Fischbach a viabilis\u00e9 quelques 3.000 terrains \u00e0 b\u00e2tir; 120 terrains se trouvent actuellement en viabilisation.<\/p>\n<h2>\u2026 et immeubles r\u00e9sidentiels<\/h2>\n<p>Au fil du temps Arend &amp; Fischbach a entam\u00e9 \u00e9galement la r\u00e9alisation d\u2019immeubles r\u00e9sidentiels, en cultivant d\u00e8s le d\u00e9part une philosophie claire: des constructions de haute qualit\u00e9 combinant architecture contemporaine et technologies de pointe \u00e0 prix raisonnables.<br \/>\nCette approche n\u2019a pas seulement valu \u00e0 Arend &amp; Fischbach une bonne r\u00e9putation en public et parmi une pl\u00e9nitude de clients satisfaits; elle lui a \u00e9galement permis d\u2019\u00eatre retenu comme l\u2019un des \u00e9lus d\u2019un concours de constructions d\u2019immeubles r\u00e9sidentiels au plateau du Kirchberg.<br \/>\nArend &amp; Fischbach a r\u00e9alis\u00e9 \u00e0 ce jour quelques 3.300 logements dans des immeubles collectifs et quelques 120 de ces logements se trouvent actuellement en r\u00e9alisation.<br \/>\nAujourd\u2019hui Arend &amp; Fischbach peut s\u2019enorgueillir d\u2019\u00eatre reconnu comme l\u2019un des acteurs les plus importants sur le march\u00e9 immobilier r\u00e9sidentiel au Luxembourg.<\/p>\n<h2>1994: Maisons cl\u00e9s en main \u2028\u00ab\u2009Maisons Loginter\u2009\u00bb<\/h2>\n<p>Le d\u00e9veloppement de Arend &amp; Fischbach continue en 1994 avec la cr\u00e9ation de Maisons Loginter qui se consacre \u00e0 la r\u00e9alisation de maisons \u00ab\u2009cl\u00e9s en main\u2009\u00bb. A l\u2019heure actuelle, apr\u00e8s 23 ann\u00e9es d\u2019exp\u00e9rience et quelques 580 maisons \u00e0 son actif, Maisons Loginter s\u2019est forg\u00e9 une r\u00e9putation solide et s\u00e9rieuse sur le march\u00e9 luxembourgeois des maisons cl\u00e9s en main.<\/p>\n<p>2002: \u00ab\u2009Massiv-Passiv\u2009\u00bb, \u2028Conscience environnementale<\/p>\n<p>Bien avant la prise de conscience \u00e9cologique dans le -domaine du b\u00e2timent Arend &amp; Fischbach s\u2019\u00e9tait d\u00e9j\u00e0 engag\u00e9 dans la construction d\u2019immeubles moins \u00e9nergivores et plus respectueux de l\u2019environnement. Ainsi le groupe a \u00e9t\u00e9 l\u2019un des pionniers nationaux des maisons \u00e0 basse consommation d\u2019\u00e9nergie et passives avec sa so-ci\u00e9t\u00e9 Massiv-Passiv.<br \/>\nCette approche a d\u2019ailleurs valu \u00e0 la soci\u00e9t\u00e9 de remporter le premier prix de l\u2019environnement pour l\u2019industrie de la FEDIL d\u00e9cern\u00e9 en 2003.<\/p>\n<h2>2014: Maisons \u00e9cologiques en bois \u2028massif \u00ab\u2009massive passive\u2009\u00bb<\/h2>\n<p>Avec le concept massive passive, Arend &amp; Fischbach rel\u00e8ve un nouveau d\u00e9fi et lance la r\u00e9alisation de maisons passives \u00e9cologiques construites avec des mat\u00e9riaux plus sains, plus durables et \u00e9nerg\u00e9tiquement plus efficaces. La construction en bois r\u00e9pond le mieux \u00e0 tous ces crit\u00e8res. Tout en se basant sur le standard de la maison passive, massive passive va s\u2019orienter progressivement vers des constructions z\u00e9ro \u00e9nergie et \u00e0 \u00e9nergie positive.<\/p>\n<h2>Perspectives<\/h2>\n<p>La structure solide que l\u2019Association N. Arend &amp; C. Fischbach s\u2019est forg\u00e9e pendant les 25 derni\u00e8res ann\u00e9es d\u00e9montre clairement une politique dynamique mais pr\u00e9voyante et cibl\u00e9e vers le long terme.<br \/>\nNico Arend et Carlo Fischbach, soucieux d\u2019assurer la p\u00e9rennit\u00e9 et la continuit\u00e9 de leur association, ont d\u2019ores et d\u00e9j\u00e0 pris les devants tant sur le plan humain que sur celui du portefeuille immobilier.<br \/>\nAinsi, l\u2019Association Arend &amp; Fischbach est pr\u00eate \u00e0 r\u00e9pondre aux besoins du march\u00e9 immobilier luxembourgeois d\u2019aujourd\u2019hui et des d\u00e9cennies \u00e0 venir.<\/p>\n","protected":false},"excerpt":{"rendered":"<p>Depuis plus de 25 ann\u00e9es l\u2019Association N. Arend &amp; C. Fischbach r\u00e9alise des promotions et op\u00e9rations immobili\u00e8res r\u00e9sidentielles avec recherche permanente de la localisation g\u00e9ographique privil\u00e9gi\u00e9e et de l\u2019optimisation \u00e9nerg\u00e9tique au meilleur rapport qualit\u00e9\u2009\/\u2009prix. 1989: Les d\u00e9buts C\u2019est en 1989 que Nico Arend et Carlo Fischbach d\u00e9cident de s\u2019associer pour se lancer dans la promotion&#8230;  <a class=\"excerpt-read-more\" href=\"https:\/\/arend-fischbach.lu\/fr\/sur-nous\/\" title=\"ReadSur nous\">Read more &raquo;<\/a><\/p>\n","protected":false},"author":1,"featured_media":0,"parent":0,"menu_order":2,"comment_status":"closed","ping_status":"closed","template":"page-who-are-we.php","meta":[],"yoast_head":"<!-- This site is optimized with the Yoast SEO plugin v19.11 - https:\/\/yoast.com\/wordpress\/plugins\/seo\/ -->\n<title>Promotion immobili\u00e8re - Arend &amp; Fischbach - Luxembourg<\/title>\n<meta name=\"robots\" content=\"index, follow, max-snippet:-1, max-image-preview:large, max-video-preview:-1\" \/>\n<link rel=\"canonical\" href=\"https:\/\/arend-fischbach.lu\/fr\/sur-nous\/\" \/>\n<meta property=\"og:locale\" content=\"fr_FR\" \/>\n<meta property=\"og:type\" content=\"article\" \/>\n<meta property=\"og:title\" content=\"Promotion immobili\u00e8re - Arend &amp; Fischbach - Luxembourg\" \/>\n<meta property=\"og:description\" content=\"Depuis plus de 25 ann\u00e9es l\u2019Association N. Arend &amp; C. Fischbach r\u00e9alise des promotions et op\u00e9rations immobili\u00e8res r\u00e9sidentielles avec recherche permanente de la localisation g\u00e9ographique privil\u00e9gi\u00e9e et de l\u2019optimisation \u00e9nerg\u00e9tique au meilleur rapport qualit\u00e9\u2009\/\u2009prix. 1989: Les d\u00e9buts C\u2019est en 1989 que Nico Arend et Carlo Fischbach d\u00e9cident de s\u2019associer pour se lancer dans la promotion... Read more &raquo;\" \/>\n<meta property=\"og:site_name\" content=\"Arend &amp; Fischbach\" \/>\n<meta property=\"article:publisher\" content=\"https:\/\/www.facebook.com\/arendfischbach\" \/>\n<meta property=\"article:modified_time\" content=\"2019-11-22T09:24:03+00:00\" \/>\n<meta property=\"og:image\" content=\"https:\/\/arend-fischbach.lu\/wp-content\/uploads\/2016\/07\/AF_logo_vertical_RVB_F.jpg\" \/>\n\t<meta property=\"og:image:width\" content=\"517\" \/>\n\t<meta property=\"og:image:height\" content=\"627\" \/>\n\t<meta property=\"og:image:type\" content=\"image\/jpeg\" \/>\n<meta name=\"twitter:card\" content=\"summary_large_image\" \/>\n<meta name=\"twitter:label1\" content=\"Dur\u00e9e de lecture estim\u00e9e\" \/>\n\t<meta name=\"twitter:data1\" content=\"4 minutes\" \/>\n<script type=\"application\/ld+json\" class=\"yoast-schema-graph\">{\"@context\":\"https:\/\/schema.org\",\"@graph\":[{\"@type\":\"WebPage\",\"@id\":\"https:\/\/arend-fischbach.lu\/fr\/sur-nous\/\",\"url\":\"https:\/\/arend-fischbach.lu\/fr\/sur-nous\/\",\"name\":\"Promotion immobili\u00e8re - Arend & Fischbach - Luxembourg\",\"isPartOf\":{\"@id\":\"https:\/\/arend-fischbach.lu\/fr\/#website\"},\"datePublished\":\"2015-09-22T06:36:39+00:00\",\"dateModified\":\"2019-11-22T09:24:03+00:00\",\"breadcrumb\":{\"@id\":\"https:\/\/arend-fischbach.lu\/fr\/sur-nous\/#breadcrumb\"},\"inLanguage\":\"fr-FR\",\"potentialAction\":[{\"@type\":\"ReadAction\",\"target\":[\"https:\/\/arend-fischbach.lu\/fr\/sur-nous\/\"]}]},{\"@type\":\"BreadcrumbList\",\"@id\":\"https:\/\/arend-fischbach.lu\/fr\/sur-nous\/#breadcrumb\",\"itemListElement\":[{\"@type\":\"ListItem\",\"position\":1,\"name\":\"Accueil\",\"item\":\"https:\/\/arend-fischbach.lu\/\"},{\"@type\":\"ListItem\",\"position\":2,\"name\":\"Sur nous\"}]},{\"@type\":\"WebSite\",\"@id\":\"https:\/\/arend-fischbach.lu\/fr\/#website\",\"url\":\"https:\/\/arend-fischbach.lu\/fr\/\",\"name\":\"Arend &amp; Fischbach\",\"description\":\"Promotion immobili\u00e8re\",\"publisher\":{\"@id\":\"https:\/\/arend-fischbach.lu\/fr\/#organization\"},\"potentialAction\":[{\"@type\":\"SearchAction\",\"target\":{\"@type\":\"EntryPoint\",\"urlTemplate\":\"https:\/\/arend-fischbach.lu\/fr\/?s={search_term_string}\"},\"query-input\":\"required name=search_term_string\"}],\"inLanguage\":\"fr-FR\"},{\"@type\":\"Organization\",\"@id\":\"https:\/\/arend-fischbach.lu\/fr\/#organization\",\"name\":\"Arend & Fischbach\",\"url\":\"https:\/\/arend-fischbach.lu\/fr\/\",\"logo\":{\"@type\":\"ImageObject\",\"inLanguage\":\"fr-FR\",\"@id\":\"https:\/\/arend-fischbach.lu\/fr\/#\/schema\/logo\/image\/\",\"url\":\"https:\/\/arend-fischbach.lu\/wp-content\/uploads\/2016\/07\/AF_logo_vertical_RVB_F.jpg\",\"contentUrl\":\"https:\/\/arend-fischbach.lu\/wp-content\/uploads\/2016\/07\/AF_logo_vertical_RVB_F.jpg\",\"width\":517,\"height\":627,\"caption\":\"Arend & Fischbach\"},\"image\":{\"@id\":\"https:\/\/arend-fischbach.lu\/fr\/#\/schema\/logo\/image\/\"},\"sameAs\":[\"https:\/\/www.instagram.com\/arendfischbach\/\",\"https:\/\/www.facebook.com\/arendfischbach\"]}]}<\/script>\n<!-- \/ Yoast SEO plugin. -->","yoast_head_json":{"title":"Promotion immobili\u00e8re - Arend & Fischbach - Luxembourg","robots":{"index":"index","follow":"follow","max-snippet":"max-snippet:-1","max-image-preview":"max-image-preview:large","max-video-preview":"max-video-preview:-1"},"canonical":"https:\/\/arend-fischbach.lu\/fr\/sur-nous\/","og_locale":"fr_FR","og_type":"article","og_title":"Promotion immobili\u00e8re - Arend & Fischbach - Luxembourg","og_description":"Depuis plus de 25 ann\u00e9es l\u2019Association N. Arend &amp; C. Fischbach r\u00e9alise des promotions et op\u00e9rations immobili\u00e8res r\u00e9sidentielles avec recherche permanente de la localisation g\u00e9ographique privil\u00e9gi\u00e9e et de l\u2019optimisation \u00e9nerg\u00e9tique au meilleur rapport qualit\u00e9\u2009\/\u2009prix. 1989: Les d\u00e9buts C\u2019est en 1989 que Nico Arend et Carlo Fischbach d\u00e9cident de s\u2019associer pour se lancer dans la promotion... Read more &raquo;","og_site_name":"Arend &amp; Fischbach","article_publisher":"https:\/\/www.facebook.com\/arendfischbach","article_modified_time":"2019-11-22T09:24:03+00:00","og_image":[{"width":517,"height":627,"url":"https:\/\/arend-fischbach.lu\/wp-content\/uploads\/2016\/07\/AF_logo_vertical_RVB_F.jpg","type":"image\/jpeg"}],"twitter_card":"summary_large_image","twitter_misc":{"Dur\u00e9e de lecture estim\u00e9e":"4 minutes"},"schema":{"@context":"https:\/\/schema.org","@graph":[{"@type":"WebPage","@id":"https:\/\/arend-fischbach.lu\/fr\/sur-nous\/","url":"https:\/\/arend-fischbach.lu\/fr\/sur-nous\/","name":"Promotion immobili\u00e8re - Arend & Fischbach - Luxembourg","isPartOf":{"@id":"https:\/\/arend-fischbach.lu\/fr\/#website"},"datePublished":"2015-09-22T06:36:39+00:00","dateModified":"2019-11-22T09:24:03+00:00","breadcrumb":{"@id":"https:\/\/arend-fischbach.lu\/fr\/sur-nous\/#breadcrumb"},"inLanguage":"fr-FR","potentialAction":[{"@type":"ReadAction","target":["https:\/\/arend-fischbach.lu\/fr\/sur-nous\/"]}]},{"@type":"BreadcrumbList","@id":"https:\/\/arend-fischbach.lu\/fr\/sur-nous\/#breadcrumb","itemListElement":[{"@type":"ListItem","position":1,"name":"Accueil","item":"https:\/\/arend-fischbach.lu\/"},{"@type":"ListItem","position":2,"name":"Sur nous"}]},{"@type":"WebSite","@id":"https:\/\/arend-fischbach.lu\/fr\/#website","url":"https:\/\/arend-fischbach.lu\/fr\/","name":"Arend &amp; Fischbach","description":"Promotion immobili\u00e8re","publisher":{"@id":"https:\/\/arend-fischbach.lu\/fr\/#organization"},"potentialAction":[{"@type":"SearchAction","target":{"@type":"EntryPoint","urlTemplate":"https:\/\/arend-fischbach.lu\/fr\/?s={search_term_string}"},"query-input":"required name=search_term_string"}],"inLanguage":"fr-FR"},{"@type":"Organization","@id":"https:\/\/arend-fischbach.lu\/fr\/#organization","name":"Arend & Fischbach","url":"https:\/\/arend-fischbach.lu\/fr\/","logo":{"@type":"ImageObject","inLanguage":"fr-FR","@id":"https:\/\/arend-fischbach.lu\/fr\/#\/schema\/logo\/image\/","url":"https:\/\/arend-fischbach.lu\/wp-content\/uploads\/2016\/07\/AF_logo_vertical_RVB_F.jpg","contentUrl":"https:\/\/arend-fischbach.lu\/wp-content\/uploads\/2016\/07\/AF_logo_vertical_RVB_F.jpg","width":517,"height":627,"caption":"Arend & Fischbach"},"image":{"@id":"https:\/\/arend-fischbach.lu\/fr\/#\/schema\/logo\/image\/"},"sameAs":["https:\/\/www.instagram.com\/arendfischbach\/","https:\/\/www.facebook.com\/arendfischbach"]}]}},"_links":{"self":[{"href":"https:\/\/arend-fischbach.lu\/fr\/wp-json\/wp\/v2\/pages\/36"}],"collection":[{"href":"https:\/\/arend-fischbach.lu\/fr\/wp-json\/wp\/v2\/pages"}],"about":[{"href":"https:\/\/arend-fischbach.lu\/fr\/wp-json\/wp\/v2\/types\/page"}],"author":[{"embeddable":true,"href":"https:\/\/arend-fischbach.lu\/fr\/wp-json\/wp\/v2\/users\/1"}],"replies":[{"embeddable":true,"href":"https:\/\/arend-fischbach.lu\/fr\/wp-json\/wp\/v2\/comments?post=36"}],"version-history":[{"count":6,"href":"https:\/\/arend-fischbach.lu\/fr\/wp-json\/wp\/v2\/pages\/36\/revisions"}],"predecessor-version":[{"id":4705,"href":"https:\/\/arend-fischbach.lu\/fr\/wp-json\/wp\/v2\/pages\/36\/revisions\/4705"}],"wp:attachment":[{"href":"https:\/\/arend-fischbach.lu\/fr\/wp-json\/wp\/v2\/media?parent=36"}],"curies":[{"name":"wp","href":"https:\/\/api.w.org\/{rel}","templated":true}]}}