{"id":38,"date":"2015-09-22T06:36:56","date_gmt":"2015-09-22T06:36:56","guid":{"rendered":"https:\/\/arend-fischbach.lu\/?page_id=38"},"modified":"2025-10-24T09:31:50","modified_gmt":"2025-10-24T08:31:50","slug":"qui-sommes-nous","status":"publish","type":"page","link":"https:\/\/arend-fischbach.lu\/fr\/sur-nous\/qui-sommes-nous\/","title":{"rendered":"Qui sommes nous?"},"content":{"rendered":"<h2>Arend &amp; Fischbach peut se pr\u00e9valoir de plus de 35 ann\u00e9es d\u2019exp\u00e9rience<\/h2>\n<p>\u00c0 travers tout le Luxembourg dans des localisations g\u00e9ographiques privil\u00e9gi\u00e9es, l\u2019Association N. Arend &amp; C. Fischbach r\u00e9alise des promotions et op\u00e9rations immobili\u00e8res r\u00e9sidentielles depuis plus de trois d\u00e9cennies. Aujourd\u2019hui, le groupe Arend &amp; Fischbach compte une centaine d\u2019employ\u00e9s affect\u00e9s \u00e0 son activit\u00e9 principale, la promotion immobili\u00e8re. Depuis ses d\u00e9buts, la soci\u00e9t\u00e9 est rest\u00e9e fid\u00e8le \u00e0 son implantation \u00e0 Mersch, \u00e0 proximit\u00e9 de la gare ferro\u00adviaire.<\/p>\n<p>L&rsquo;histoire de l\u2019association remonte \u00e0 1989 quand les actionnaires fondateurs Nico Arend et Carlo Fischbach d\u00e9cident de s\u2019associer pour se lancer dans la <strong>promotion immobili\u00e8re<\/strong>. La rencontre des deux hommes, la mise en commun de leurs profils et talents, est \u00e0 l\u2019origine d\u2019un groupe qui s\u2019est rapidement d\u00e9velopp\u00e9, en observant de mani\u00e8re perspicace l\u2019\u00e9volution du march\u00e9 et les besoins des consommateurs. Depuis le d\u00e9c\u00e8s de Carlo Fischbach en 2017, son fils Laurent assure sa succession.<\/p>\n<p>En octobre 2025, le Conseil d\u2019administration du Groupe Arend &amp; Fischbach a nomm\u00e9 Mme Nathalie Braam, jusqu\u2019alors directeur administratif et financier, au poste de directeur g\u00e9n\u00e9ral. Apr\u00e8s plus de trente ann\u00e9es \u00e0 la t\u00eate du Groupe Arend &amp; Fischbach, M. Nico Arend se retire de la direction op\u00e9rationnelle, tout en continuant \u00e0 se consacrer \u00e0 son r\u00f4le d\u2019administrateur et \u00e0 l\u2019appui strat\u00e9gique au sein du Conseil d\u2019administration. Cette transition s\u2019inscrit dans la continuit\u00e9 de notre engagement \u00e0 faire du Groupe Arend &amp; Fischbach un acteur solide, responsable et durable du secteur immobilier luxembourgeois.","protected":false},"excerpt":{"rendered":"<p>Arend &amp; Fischbach peut se pr\u00e9valoir de plus de 35 ann\u00e9es d\u2019exp\u00e9rience \u00c0 travers tout le Luxembourg dans des localisations g\u00e9ographiques privil\u00e9gi\u00e9es, l\u2019Association N. Arend &amp; C. Fischbach r\u00e9alise des promotions et op\u00e9rations immobili\u00e8res r\u00e9sidentielles depuis plus de trois d\u00e9cennies. Aujourd\u2019hui, le groupe Arend &amp; Fischbach compte une centaine d\u2019employ\u00e9s affect\u00e9s \u00e0 son activit\u00e9 principale,&#8230;  <a class=\"excerpt-read-more\" href=\"https:\/\/arend-fischbach.lu\/fr\/sur-nous\/qui-sommes-nous\/\" title=\"ReadQui sommes nous?\">Read more &raquo;<\/a><\/p>\n","protected":false},"author":1,"featured_media":8049,"parent":36,"menu_order":3,"comment_status":"closed","ping_status":"closed","template":"page-who-are-we.php","meta":[],"yoast_head":"<!-- This site is optimized with the Yoast SEO plugin v19.11 - https:\/\/yoast.com\/wordpress\/plugins\/seo\/ -->\n<title>Promotion immobili\u00e8re - Arend &amp; Fischbach - Luxembourg<\/title>\n<meta name=\"description\" content=\"Arend &amp; Fischbach est l\u2019un des acteurs les plus importants sur le march\u00e9 de la promotion immobili\u00e8re r\u00e9sidentielle au Luxembourg.\" \/>\n<meta name=\"robots\" content=\"index, follow, max-snippet:-1, max-image-preview:large, max-video-preview:-1\" \/>\n<link rel=\"canonical\" href=\"https:\/\/arend-fischbach.lu\/sur-nous\/qui-sommes-nous\/\" \/>\n<meta property=\"og:locale\" content=\"fr_FR\" \/>\n<meta property=\"og:type\" content=\"article\" \/>\n<meta property=\"og:title\" content=\"Promotion immobili\u00e8re - Arend &amp; Fischbach - Luxembourg\" \/>\n<meta property=\"og:description\" content=\"Arend &amp; Fischbach est l\u2019un des acteurs les plus importants sur le march\u00e9 de la promotion immobili\u00e8re r\u00e9sidentielle au Luxembourg.\" \/>\n<meta property=\"og:site_name\" content=\"Arend &amp; Fischbach\" \/>\n<meta property=\"article:publisher\" content=\"https:\/\/www.facebook.com\/arendfischbach\" \/>\n<meta property=\"article:modified_time\" content=\"2025-10-24T08:31:50+00:00\" \/>\n<meta property=\"og:image\" content=\"https:\/\/arend-fischbach.lu\/wp-content\/uploads\/2019\/10\/Artiste-Eric-Mangen-1024x693.jpg\" \/>\n\t<meta property=\"og:image:width\" content=\"1024\" \/>\n\t<meta property=\"og:image:height\" content=\"693\" \/>\n\t<meta property=\"og:image:type\" content=\"image\/jpeg\" \/>\n<meta name=\"twitter:card\" content=\"summary_large_image\" \/>\n<meta name=\"twitter:label1\" content=\"Dur\u00e9e de lecture estim\u00e9e\" \/>\n\t<meta name=\"twitter:data1\" content=\"2 minutes\" \/>\n<script type=\"application\/ld+json\" class=\"yoast-schema-graph\">{\"@context\":\"https:\/\/schema.org\",\"@graph\":[{\"@type\":\"WebPage\",\"@id\":\"https:\/\/arend-fischbach.lu\/sur-nous\/qui-sommes-nous\/\",\"url\":\"https:\/\/arend-fischbach.lu\/sur-nous\/qui-sommes-nous\/\",\"name\":\"Promotion immobili\u00e8re - Arend & Fischbach - Luxembourg\",\"isPartOf\":{\"@id\":\"https:\/\/arend-fischbach.lu\/fr\/#website\"},\"datePublished\":\"2015-09-22T06:36:56+00:00\",\"dateModified\":\"2025-10-24T08:31:50+00:00\",\"description\":\"Arend & Fischbach est l\u2019un des acteurs les plus importants sur le march\u00e9 de la promotion immobili\u00e8re r\u00e9sidentielle au Luxembourg.\",\"breadcrumb\":{\"@id\":\"https:\/\/arend-fischbach.lu\/sur-nous\/qui-sommes-nous\/#breadcrumb\"},\"inLanguage\":\"fr-FR\",\"potentialAction\":[{\"@type\":\"ReadAction\",\"target\":[\"https:\/\/arend-fischbach.lu\/sur-nous\/qui-sommes-nous\/\"]}]},{\"@type\":\"BreadcrumbList\",\"@id\":\"https:\/\/arend-fischbach.lu\/sur-nous\/qui-sommes-nous\/#breadcrumb\",\"itemListElement\":[{\"@type\":\"ListItem\",\"position\":1,\"name\":\"Accueil\",\"item\":\"https:\/\/arend-fischbach.lu\/\"},{\"@type\":\"ListItem\",\"position\":2,\"name\":\"Sur nous\",\"item\":\"https:\/\/arend-fischbach.lu\/fr\/sur-nous\/\"},{\"@type\":\"ListItem\",\"position\":3,\"name\":\"Qui sommes nous?\"}]},{\"@type\":\"WebSite\",\"@id\":\"https:\/\/arend-fischbach.lu\/fr\/#website\",\"url\":\"https:\/\/arend-fischbach.lu\/fr\/\",\"name\":\"Arend &amp; Fischbach\",\"description\":\"Promotion immobili\u00e8re\",\"publisher\":{\"@id\":\"https:\/\/arend-fischbach.lu\/fr\/#organization\"},\"potentialAction\":[{\"@type\":\"SearchAction\",\"target\":{\"@type\":\"EntryPoint\",\"urlTemplate\":\"https:\/\/arend-fischbach.lu\/fr\/?s={search_term_string}\"},\"query-input\":\"required name=search_term_string\"}],\"inLanguage\":\"fr-FR\"},{\"@type\":\"Organization\",\"@id\":\"https:\/\/arend-fischbach.lu\/fr\/#organization\",\"name\":\"Arend & Fischbach\",\"url\":\"https:\/\/arend-fischbach.lu\/fr\/\",\"logo\":{\"@type\":\"ImageObject\",\"inLanguage\":\"fr-FR\",\"@id\":\"https:\/\/arend-fischbach.lu\/fr\/#\/schema\/logo\/image\/\",\"url\":\"https:\/\/arend-fischbach.lu\/wp-content\/uploads\/2016\/07\/AF_logo_vertical_RVB_F.jpg\",\"contentUrl\":\"https:\/\/arend-fischbach.lu\/wp-content\/uploads\/2016\/07\/AF_logo_vertical_RVB_F.jpg\",\"width\":517,\"height\":627,\"caption\":\"Arend & Fischbach\"},\"image\":{\"@id\":\"https:\/\/arend-fischbach.lu\/fr\/#\/schema\/logo\/image\/\"},\"sameAs\":[\"https:\/\/www.instagram.com\/arendfischbach\/\",\"https:\/\/www.facebook.com\/arendfischbach\"]}]}<\/script>\n<!-- \/ Yoast SEO plugin. -->","yoast_head_json":{"title":"Promotion immobili\u00e8re - Arend & Fischbach - Luxembourg","description":"Arend & Fischbach est l\u2019un des acteurs les plus importants sur le march\u00e9 de la promotion immobili\u00e8re r\u00e9sidentielle au Luxembourg.","robots":{"index":"index","follow":"follow","max-snippet":"max-snippet:-1","max-image-preview":"max-image-preview:large","max-video-preview":"max-video-preview:-1"},"canonical":"https:\/\/arend-fischbach.lu\/sur-nous\/qui-sommes-nous\/","og_locale":"fr_FR","og_type":"article","og_title":"Promotion immobili\u00e8re - Arend & Fischbach - Luxembourg","og_description":"Arend & Fischbach est l\u2019un des acteurs les plus importants sur le march\u00e9 de la promotion immobili\u00e8re r\u00e9sidentielle au Luxembourg.","og_site_name":"Arend &amp; Fischbach","article_publisher":"https:\/\/www.facebook.com\/arendfischbach","article_modified_time":"2025-10-24T08:31:50+00:00","og_image":[{"width":1024,"height":693,"url":"https:\/\/arend-fischbach.lu\/wp-content\/uploads\/2019\/10\/Artiste-Eric-Mangen-1024x693.jpg","type":"image\/jpeg"}],"twitter_card":"summary_large_image","twitter_misc":{"Dur\u00e9e de lecture estim\u00e9e":"2 minutes"},"schema":{"@context":"https:\/\/schema.org","@graph":[{"@type":"WebPage","@id":"https:\/\/arend-fischbach.lu\/sur-nous\/qui-sommes-nous\/","url":"https:\/\/arend-fischbach.lu\/sur-nous\/qui-sommes-nous\/","name":"Promotion immobili\u00e8re - Arend & Fischbach - Luxembourg","isPartOf":{"@id":"https:\/\/arend-fischbach.lu\/fr\/#website"},"datePublished":"2015-09-22T06:36:56+00:00","dateModified":"2025-10-24T08:31:50+00:00","description":"Arend & Fischbach est l\u2019un des acteurs les plus importants sur le march\u00e9 de la promotion immobili\u00e8re r\u00e9sidentielle au Luxembourg.","breadcrumb":{"@id":"https:\/\/arend-fischbach.lu\/sur-nous\/qui-sommes-nous\/#breadcrumb"},"inLanguage":"fr-FR","potentialAction":[{"@type":"ReadAction","target":["https:\/\/arend-fischbach.lu\/sur-nous\/qui-sommes-nous\/"]}]},{"@type":"BreadcrumbList","@id":"https:\/\/arend-fischbach.lu\/sur-nous\/qui-sommes-nous\/#breadcrumb","itemListElement":[{"@type":"ListItem","position":1,"name":"Accueil","item":"https:\/\/arend-fischbach.lu\/"},{"@type":"ListItem","position":2,"name":"Sur nous","item":"https:\/\/arend-fischbach.lu\/fr\/sur-nous\/"},{"@type":"ListItem","position":3,"name":"Qui sommes nous?"}]},{"@type":"WebSite","@id":"https:\/\/arend-fischbach.lu\/fr\/#website","url":"https:\/\/arend-fischbach.lu\/fr\/","name":"Arend &amp; Fischbach","description":"Promotion immobili\u00e8re","publisher":{"@id":"https:\/\/arend-fischbach.lu\/fr\/#organization"},"potentialAction":[{"@type":"SearchAction","target":{"@type":"EntryPoint","urlTemplate":"https:\/\/arend-fischbach.lu\/fr\/?s={search_term_string}"},"query-input":"required name=search_term_string"}],"inLanguage":"fr-FR"},{"@type":"Organization","@id":"https:\/\/arend-fischbach.lu\/fr\/#organization","name":"Arend & Fischbach","url":"https:\/\/arend-fischbach.lu\/fr\/","logo":{"@type":"ImageObject","inLanguage":"fr-FR","@id":"https:\/\/arend-fischbach.lu\/fr\/#\/schema\/logo\/image\/","url":"https:\/\/arend-fischbach.lu\/wp-content\/uploads\/2016\/07\/AF_logo_vertical_RVB_F.jpg","contentUrl":"https:\/\/arend-fischbach.lu\/wp-content\/uploads\/2016\/07\/AF_logo_vertical_RVB_F.jpg","width":517,"height":627,"caption":"Arend & Fischbach"},"image":{"@id":"https:\/\/arend-fischbach.lu\/fr\/#\/schema\/logo\/image\/"},"sameAs":["https:\/\/www.instagram.com\/arendfischbach\/","https:\/\/www.facebook.com\/arendfischbach"]}]}},"_links":{"self":[{"href":"https:\/\/arend-fischbach.lu\/fr\/wp-json\/wp\/v2\/pages\/38"}],"collection":[{"href":"https:\/\/arend-fischbach.lu\/fr\/wp-json\/wp\/v2\/pages"}],"about":[{"href":"https:\/\/arend-fischbach.lu\/fr\/wp-json\/wp\/v2\/types\/page"}],"author":[{"embeddable":true,"href":"https:\/\/arend-fischbach.lu\/fr\/wp-json\/wp\/v2\/users\/1"}],"replies":[{"embeddable":true,"href":"https:\/\/arend-fischbach.lu\/fr\/wp-json\/wp\/v2\/comments?post=38"}],"version-history":[{"count":64,"href":"https:\/\/arend-fischbach.lu\/fr\/wp-json\/wp\/v2\/pages\/38\/revisions"}],"predecessor-version":[{"id":19896,"href":"https:\/\/arend-fischbach.lu\/fr\/wp-json\/wp\/v2\/pages\/38\/revisions\/19896"}],"up":[{"embeddable":true,"href":"https:\/\/arend-fischbach.lu\/fr\/wp-json\/wp\/v2\/pages\/36"}],"wp:featuredmedia":[{"embeddable":true,"href":"https:\/\/arend-fischbach.lu\/fr\/wp-json\/wp\/v2\/media\/8049"}],"wp:attachment":[{"href":"https:\/\/arend-fischbach.lu\/fr\/wp-json\/wp\/v2\/media?parent=38"}],"curies":[{"name":"wp","href":"https:\/\/api.w.org\/{rel}","templated":true}]}}