{"id":5,"date":"2015-08-29T21:02:59","date_gmt":"2015-08-29T21:02:59","guid":{"rendered":"https:\/\/arend-fischbach.lu\/?page_id=5"},"modified":"2026-04-01T09:35:10","modified_gmt":"2026-04-01T08:35:10","slug":"promoteur-immobilier-a-luxembourg","status":"publish","type":"page","link":"https:\/\/arend-fischbach.lu\/fr\/","title":{"rendered":"D\u00e9veloppeur immobilier au Luxembourg"},"content":{"rendered":"<h2 class=\"centered overlapped\">D\u00e9veloppeur immobilier au Luxembourg depuis 1989<\/h2>\n<p style=\"text-align: left;\"><strong>35 Joer Arend &amp; Fischbach<\/strong><\/p>\n<p style=\"text-align: left;\"><strong>Developing custom real estate for over 35 years.<\/strong><br \/>\n<strong>Merci aux milliers de clients pour leur confiance.<\/strong><br \/>\n<strong>35 Jahre nachhaltige Lebensraumgestaltung.<\/strong><\/p>\n<p style=\"text-align: left;\"><strong>\u00c4ert Doheem a gudden H\u00e4nn.<\/strong><\/p>\n<p style=\"text-align: left;\">L\u2019Association N. Arend &amp; C. Fischbach r\u00e9alise des promotions et toutes op\u00e9rations immobili\u00e8res sur l&rsquo;ensemble du\u00a0territoire national:<\/p>\n<ul class=\"has-pointer\">\n<li>Viabilisation et r\u00e9alisation de lotissements, terrains au Grand-Duch\u00e9 de Luxembourg.<\/li>\n<li>Promoteur immobilier d\u2019immeubles \u00e0 logements multiples ainsi que d\u2019immeubles \u00e0 caract\u00e8re mixte, r\u00e9sidences, appartements.<\/li>\n<li>Etude, conception et r\u00e9alisation de maisons individuelles cl\u00e9 sur porte (maisons passives AAA, nZEB (nearly zero energy building) et maisons \u00e9cologiques en bois massif).<\/li>\n<li>Agence immobili\u00e8re.<\/li>\n<\/ul>","protected":false},"excerpt":{"rendered":"<p>D\u00e9veloppeur immobilier au Luxembourg depuis 1989 35 Joer Arend &amp; Fischbach Developing custom real estate for over 35 years. Merci aux milliers de clients pour leur confiance. 35 Jahre nachhaltige Lebensraumgestaltung. \u00c4ert Doheem a gudden H\u00e4nn. L\u2019Association N. Arend &amp; C. Fischbach r\u00e9alise des promotions et toutes op\u00e9rations immobili\u00e8res sur l&rsquo;ensemble du\u00a0territoire national: Viabilisation et&#8230;  <a class=\"excerpt-read-more\" href=\"https:\/\/arend-fischbach.lu\/fr\/\" title=\"ReadD\u00e9veloppeur immobilier au Luxembourg\">Read more &raquo;<\/a><\/p>\n","protected":false},"author":1,"featured_media":0,"parent":0,"menu_order":1,"comment_status":"closed","ping_status":"closed","template":"page-home.php","meta":[],"yoast_head":"<!-- This site is optimized with the Yoast SEO plugin v19.11 - https:\/\/yoast.com\/wordpress\/plugins\/seo\/ -->\n<title>Arend &amp; Fischbach \u2013 D\u00e9veloppeur Immobilier au Luxembourg<\/title>\n<meta name=\"description\" content=\"Terrains, appartements, maisons: Construisez avec un promoteur immobilier r\u00e9put\u00e9 au Luxembourg. Architecture contemporaine et technologies de pointe.\" \/>\n<meta name=\"robots\" content=\"index, follow, max-snippet:-1, max-image-preview:large, max-video-preview:-1\" \/>\n<link rel=\"canonical\" href=\"https:\/\/arend-fischbach.lu\/\" \/>\n<meta property=\"og:locale\" content=\"fr_FR\" \/>\n<meta property=\"og:type\" content=\"article\" \/>\n<meta property=\"og:title\" content=\"[:de]Arend &amp; Fischbach \u2013 D\u00e9veloppeur Immobilier \u2013 Luxembourg[:fr][:de]Arend &amp; Fischbach \u2013 Immobilienentwickler in Luxemburg[:fr]Arend &amp; Fischbach \u2013 D\u00e9veloppeur Immobilier au Luxembourg[:][:]\" \/>\n<meta property=\"og:description\" content=\"Terrains, appartements, maisons: Construisez avec un promoteur immobilier r\u00e9put\u00e9 au Luxembourg. Architecture contemporaine et technologies de pointe.\" \/>\n<meta property=\"og:site_name\" content=\"Arend &amp; Fischbach\" \/>\n<meta property=\"article:publisher\" content=\"https:\/\/www.facebook.com\/arendfischbach\" \/>\n<meta property=\"article:modified_time\" content=\"2026-04-01T08:35:10+00:00\" \/>\n<meta property=\"og:image\" content=\"https:\/\/arend-fischbach.lu\/wp-content\/uploads\/2019\/11\/Redesign_Visuel_to_FB.jpg\" \/>\n\t<meta property=\"og:image:width\" content=\"4276\" \/>\n\t<meta property=\"og:image:height\" content=\"2404\" \/>\n\t<meta property=\"og:image:type\" content=\"image\/jpeg\" \/>\n<meta name=\"twitter:card\" content=\"summary_large_image\" \/>\n<meta name=\"twitter:label1\" content=\"Dur\u00e9e de lecture estim\u00e9e\" \/>\n\t<meta name=\"twitter:data1\" content=\"1 minute\" \/>\n<script type=\"application\/ld+json\" class=\"yoast-schema-graph\">{\"@context\":\"https:\/\/schema.org\",\"@graph\":[{\"@type\":\"WebPage\",\"@id\":\"https:\/\/arend-fischbach.lu\/\",\"url\":\"https:\/\/arend-fischbach.lu\/\",\"name\":\"[:de]Arend & Fischbach \u2013 D\u00e9veloppeur Immobilier \u2013 Luxembourg[:fr][:de]Arend & Fischbach \u2013 Immobilienentwickler in Luxemburg[:fr]Arend & Fischbach \u2013 D\u00e9veloppeur Immobilier au Luxembourg[:][:]\",\"isPartOf\":{\"@id\":\"https:\/\/arend-fischbach.lu\/fr\/#website\"},\"datePublished\":\"2015-08-29T21:02:59+00:00\",\"dateModified\":\"2026-04-01T08:35:10+00:00\",\"description\":\"Terrains, appartements, maisons: Construisez avec un promoteur immobilier r\u00e9put\u00e9 au Luxembourg. Architecture contemporaine et technologies de pointe.\",\"breadcrumb\":{\"@id\":\"https:\/\/arend-fischbach.lu\/#breadcrumb\"},\"inLanguage\":\"fr-FR\",\"potentialAction\":[{\"@type\":\"ReadAction\",\"target\":[\"https:\/\/arend-fischbach.lu\/\"]}]},{\"@type\":\"BreadcrumbList\",\"@id\":\"https:\/\/arend-fischbach.lu\/#breadcrumb\",\"itemListElement\":[{\"@type\":\"ListItem\",\"position\":1,\"name\":\"Accueil\",\"item\":\"https:\/\/arend-fischbach.lu\/\"},{\"@type\":\"ListItem\",\"position\":2,\"name\":\"D\u00e9veloppeur immobilier au Luxembourg\"}]},{\"@type\":\"WebSite\",\"@id\":\"https:\/\/arend-fischbach.lu\/fr\/#website\",\"url\":\"https:\/\/arend-fischbach.lu\/fr\/\",\"name\":\"Arend &amp; Fischbach\",\"description\":\"Promotion immobili\u00e8re\",\"publisher\":{\"@id\":\"https:\/\/arend-fischbach.lu\/fr\/#organization\"},\"potentialAction\":[{\"@type\":\"SearchAction\",\"target\":{\"@type\":\"EntryPoint\",\"urlTemplate\":\"https:\/\/arend-fischbach.lu\/fr\/?s={search_term_string}\"},\"query-input\":\"required name=search_term_string\"}],\"inLanguage\":\"fr-FR\"},{\"@type\":\"Organization\",\"@id\":\"https:\/\/arend-fischbach.lu\/fr\/#organization\",\"name\":\"Arend & Fischbach\",\"url\":\"https:\/\/arend-fischbach.lu\/fr\/\",\"logo\":{\"@type\":\"ImageObject\",\"inLanguage\":\"fr-FR\",\"@id\":\"https:\/\/arend-fischbach.lu\/fr\/#\/schema\/logo\/image\/\",\"url\":\"https:\/\/arend-fischbach.lu\/wp-content\/uploads\/2016\/07\/AF_logo_vertical_RVB_F.jpg\",\"contentUrl\":\"https:\/\/arend-fischbach.lu\/wp-content\/uploads\/2016\/07\/AF_logo_vertical_RVB_F.jpg\",\"width\":517,\"height\":627,\"caption\":\"Arend & Fischbach\"},\"image\":{\"@id\":\"https:\/\/arend-fischbach.lu\/fr\/#\/schema\/logo\/image\/\"},\"sameAs\":[\"https:\/\/www.instagram.com\/arendfischbach\/\",\"https:\/\/www.facebook.com\/arendfischbach\"]}]}<\/script>\n<!-- \/ Yoast SEO plugin. -->","yoast_head_json":{"title":"Arend & Fischbach \u2013 D\u00e9veloppeur Immobilier au Luxembourg","description":"Terrains, appartements, maisons: Construisez avec un promoteur immobilier r\u00e9put\u00e9 au Luxembourg. Architecture contemporaine et technologies de pointe.","robots":{"index":"index","follow":"follow","max-snippet":"max-snippet:-1","max-image-preview":"max-image-preview:large","max-video-preview":"max-video-preview:-1"},"canonical":"https:\/\/arend-fischbach.lu\/","og_locale":"fr_FR","og_type":"article","og_title":"[:de]Arend & Fischbach \u2013 D\u00e9veloppeur Immobilier \u2013 Luxembourg[:fr][:de]Arend & Fischbach \u2013 Immobilienentwickler in Luxemburg[:fr]Arend & Fischbach \u2013 D\u00e9veloppeur Immobilier au Luxembourg[:][:]","og_description":"Terrains, appartements, maisons: Construisez avec un promoteur immobilier r\u00e9put\u00e9 au Luxembourg. Architecture contemporaine et technologies de pointe.","og_site_name":"Arend &amp; Fischbach","article_publisher":"https:\/\/www.facebook.com\/arendfischbach","article_modified_time":"2026-04-01T08:35:10+00:00","og_image":[{"width":4276,"height":2404,"url":"https:\/\/arend-fischbach.lu\/wp-content\/uploads\/2019\/11\/Redesign_Visuel_to_FB.jpg","type":"image\/jpeg"}],"twitter_card":"summary_large_image","twitter_misc":{"Dur\u00e9e de lecture estim\u00e9e":"1 minute"},"schema":{"@context":"https:\/\/schema.org","@graph":[{"@type":"WebPage","@id":"https:\/\/arend-fischbach.lu\/","url":"https:\/\/arend-fischbach.lu\/","name":"[:de]Arend & Fischbach \u2013 D\u00e9veloppeur Immobilier \u2013 Luxembourg[:fr][:de]Arend & Fischbach \u2013 Immobilienentwickler in Luxemburg[:fr]Arend & Fischbach \u2013 D\u00e9veloppeur Immobilier au Luxembourg[:][:]","isPartOf":{"@id":"https:\/\/arend-fischbach.lu\/fr\/#website"},"datePublished":"2015-08-29T21:02:59+00:00","dateModified":"2026-04-01T08:35:10+00:00","description":"Terrains, appartements, maisons: Construisez avec un promoteur immobilier r\u00e9put\u00e9 au Luxembourg. Architecture contemporaine et technologies de pointe.","breadcrumb":{"@id":"https:\/\/arend-fischbach.lu\/#breadcrumb"},"inLanguage":"fr-FR","potentialAction":[{"@type":"ReadAction","target":["https:\/\/arend-fischbach.lu\/"]}]},{"@type":"BreadcrumbList","@id":"https:\/\/arend-fischbach.lu\/#breadcrumb","itemListElement":[{"@type":"ListItem","position":1,"name":"Accueil","item":"https:\/\/arend-fischbach.lu\/"},{"@type":"ListItem","position":2,"name":"D\u00e9veloppeur immobilier au Luxembourg"}]},{"@type":"WebSite","@id":"https:\/\/arend-fischbach.lu\/fr\/#website","url":"https:\/\/arend-fischbach.lu\/fr\/","name":"Arend &amp; Fischbach","description":"Promotion immobili\u00e8re","publisher":{"@id":"https:\/\/arend-fischbach.lu\/fr\/#organization"},"potentialAction":[{"@type":"SearchAction","target":{"@type":"EntryPoint","urlTemplate":"https:\/\/arend-fischbach.lu\/fr\/?s={search_term_string}"},"query-input":"required name=search_term_string"}],"inLanguage":"fr-FR"},{"@type":"Organization","@id":"https:\/\/arend-fischbach.lu\/fr\/#organization","name":"Arend & Fischbach","url":"https:\/\/arend-fischbach.lu\/fr\/","logo":{"@type":"ImageObject","inLanguage":"fr-FR","@id":"https:\/\/arend-fischbach.lu\/fr\/#\/schema\/logo\/image\/","url":"https:\/\/arend-fischbach.lu\/wp-content\/uploads\/2016\/07\/AF_logo_vertical_RVB_F.jpg","contentUrl":"https:\/\/arend-fischbach.lu\/wp-content\/uploads\/2016\/07\/AF_logo_vertical_RVB_F.jpg","width":517,"height":627,"caption":"Arend & Fischbach"},"image":{"@id":"https:\/\/arend-fischbach.lu\/fr\/#\/schema\/logo\/image\/"},"sameAs":["https:\/\/www.instagram.com\/arendfischbach\/","https:\/\/www.facebook.com\/arendfischbach"]}]}},"_links":{"self":[{"href":"https:\/\/arend-fischbach.lu\/fr\/wp-json\/wp\/v2\/pages\/5"}],"collection":[{"href":"https:\/\/arend-fischbach.lu\/fr\/wp-json\/wp\/v2\/pages"}],"about":[{"href":"https:\/\/arend-fischbach.lu\/fr\/wp-json\/wp\/v2\/types\/page"}],"author":[{"embeddable":true,"href":"https:\/\/arend-fischbach.lu\/fr\/wp-json\/wp\/v2\/users\/1"}],"replies":[{"embeddable":true,"href":"https:\/\/arend-fischbach.lu\/fr\/wp-json\/wp\/v2\/comments?post=5"}],"version-history":[{"count":29,"href":"https:\/\/arend-fischbach.lu\/fr\/wp-json\/wp\/v2\/pages\/5\/revisions"}],"predecessor-version":[{"id":20645,"href":"https:\/\/arend-fischbach.lu\/fr\/wp-json\/wp\/v2\/pages\/5\/revisions\/20645"}],"wp:attachment":[{"href":"https:\/\/arend-fischbach.lu\/fr\/wp-json\/wp\/v2\/media?parent=5"}],"curies":[{"name":"wp","href":"https:\/\/api.w.org\/{rel}","templated":true}]}}